{"id":1011,"date":"2025-03-23T13:55:41","date_gmt":"2025-03-23T13:55:41","guid":{"rendered":"https:\/\/lightcyan-boar-669452.hostingersite.com\/?page_id=1011"},"modified":"2025-04-18T13:44:50","modified_gmt":"2025-04-18T13:44:50","slug":"jacques-renault","status":"publish","type":"page","link":"https:\/\/qsrconsultant.com\/en\/jacques-renault\/","title":{"rendered":"Jacques RENAULT"},"content":{"rendered":"<div data-elementor-type=\"wp-page\" data-elementor-id=\"1011\" class=\"elementor elementor-1011\" data-elementor-post-type=\"page\">\n\t\t\t\t\t\t<section class=\"elementor-section elementor-top-section elementor-element elementor-element-6d40a450 elementor-section-content-middle elementor-section-boxed elementor-section-height-default elementor-section-height-default wpr-particle-no wpr-jarallax-no wpr-parallax-no wpr-sticky-section-no wpr-equal-height-no\" data-id=\"6d40a450\" data-element_type=\"section\" data-e-type=\"section\" data-settings=\"{&quot;background_background&quot;:&quot;classic&quot;}\">\n\t\t\t\t\t\t<div class=\"elementor-container elementor-column-gap-wide\">\n\t\t\t\t\t<div class=\"elementor-column elementor-col-50 elementor-top-column elementor-element elementor-element-7a793c7e\" data-id=\"7a793c7e\" data-element_type=\"column\" data-e-type=\"column\" data-settings=\"{&quot;background_background&quot;:&quot;classic&quot;}\">\n\t\t\t<div class=\"elementor-widget-wrap elementor-element-populated\">\n\t\t\t\t\t\t<div class=\"elementor-element elementor-element-569a2f4 elementor-widget elementor-widget-image\" data-id=\"569a2f4\" data-element_type=\"widget\" data-e-type=\"widget\" data-widget_type=\"image.default\">\n\t\t\t\t<div class=\"elementor-widget-container\">\n\t\t\t\t\t\t\t\t\t\t\t\t\t\t\t<img fetchpriority=\"high\" decoding=\"async\" width=\"800\" height=\"800\" src=\"https:\/\/qsrconsultant.com\/wp-content\/uploads\/2025\/03\/1713891488208.jpeg\" class=\"attachment-large size-large wp-image-1715\" alt=\"\" srcset=\"https:\/\/qsrconsultant.com\/wp-content\/uploads\/2025\/03\/1713891488208.jpeg 800w, https:\/\/qsrconsultant.com\/wp-content\/uploads\/2025\/03\/1713891488208-300x300.jpeg 300w, https:\/\/qsrconsultant.com\/wp-content\/uploads\/2025\/03\/1713891488208-150x150.jpeg 150w, https:\/\/qsrconsultant.com\/wp-content\/uploads\/2025\/03\/1713891488208-768x768.jpeg 768w, https:\/\/qsrconsultant.com\/wp-content\/uploads\/2025\/03\/1713891488208-12x12.jpeg 12w\" sizes=\"(max-width: 800px) 100vw, 800px\" \/>\t\t\t\t\t\t\t\t\t\t\t\t\t\t\t<\/div>\n\t\t\t\t<\/div>\n\t\t\t\t\t<\/div>\n\t\t<\/div>\n\t\t\t\t<div class=\"elementor-column elementor-col-50 elementor-top-column elementor-element elementor-element-1002530d\" data-id=\"1002530d\" data-element_type=\"column\" data-e-type=\"column\">\n\t\t\t<div class=\"elementor-widget-wrap elementor-element-populated\">\n\t\t\t\t\t\t<div class=\"elementor-element elementor-element-4881d744 elementor-widget elementor-widget-heading\" data-id=\"4881d744\" data-element_type=\"widget\" data-e-type=\"widget\" data-widget_type=\"heading.default\">\n\t\t\t\t<div class=\"elementor-widget-container\">\n\t\t\t\t\t<h2 class=\"elementor-heading-title elementor-size-xxl\"> Jacques RENAULT<\/h2>\t\t\t\t<\/div>\n\t\t\t\t<\/div>\n\t\t\t\t<div class=\"elementor-element elementor-element-2cc2e5d elementor-invisible elementor-widget elementor-widget-heading\" data-id=\"2cc2e5d\" data-element_type=\"widget\" data-e-type=\"widget\" data-settings=\"{&quot;_animation&quot;:&quot;fadeIn&quot;}\" data-widget_type=\"heading.default\">\n\t\t\t\t<div class=\"elementor-widget-container\">\n\t\t\t\t\t<h5 class=\"elementor-heading-title elementor-size-medium\">Founder - FUNAE<\/h5>\t\t\t\t<\/div>\n\t\t\t\t<\/div>\n\t\t\t\t<div class=\"elementor-element elementor-element-5322c629 elementor-widget-divider--view-line elementor-invisible elementor-widget elementor-widget-divider\" data-id=\"5322c629\" data-element_type=\"widget\" data-e-type=\"widget\" data-settings=\"{&quot;_animation&quot;:&quot;fadeInUp&quot;}\" data-widget_type=\"divider.default\">\n\t\t\t\t<div class=\"elementor-widget-container\">\n\t\t\t\t\t\t\t<div class=\"elementor-divider\">\n\t\t\t<span class=\"elementor-divider-separator\">\n\t\t\t\t\t\t<\/span>\n\t\t<\/div>\n\t\t\t\t\t\t<\/div>\n\t\t\t\t<\/div>\n\t\t\t\t<div class=\"elementor-element elementor-element-2be9714b elementor-widget elementor-widget-text-editor\" data-id=\"2be9714b\" data-element_type=\"widget\" data-e-type=\"widget\" data-widget_type=\"text-editor.default\">\n\t\t\t\t<div class=\"elementor-widget-container\">\n\t\t\t\t\t\t\t\t\t<p>Jacques has extensive experience in the food industry and supply chain management in senior positions. He also has extensive experience as a consultant.<\/p><p>He recently developed new change management methods specifically for Industry 4.0 in the agricultural and food processing sectors.<\/p><p>From strategic issues to the implementation of concrete and pragmatic projects, Jacques knows how to leverage people's skills and dynamism.<\/p><p>Over 15 years of experience in the agricultural and food processing sector in senior management positions:<\/p><p>Groupe Agrial \u2013 Managing Director, Meat and Poultry Division<\/p><p>Panavi \u2013 Vice President of Operations and Supply Chain, France. Developing new products such as the McBaguette for McDonald's<\/p><p>Holder Group \u2013 Managing Director, Industry and Supply Chain Division. Worked on the McCaf\u00e9 Turnkey concept for McDonald's France.<\/p><p>East Balt Bakery \u2013 General Manager France<\/p><p>Over 10 years in the supply chain at executive level positions:<\/p><p>STEF-TFE \u2013 Managing Director, Catering Division<\/p><p>LR Services (McDonald's supply chain provider in France) \u2013 Vice President of Operations, Northern France<\/p><p>Jacques Renault graduated from the \u00c9cole Centrale Supelec and the University of Paris Dauphine. He began his career at the international consulting firm Mazars, where he worked for four years.<\/p>\t\t\t\t\t\t\t\t<\/div>\n\t\t\t\t<\/div>\n\t\t\t\t<div class=\"elementor-element elementor-element-17fcdf0 elementor-shape-square e-grid-align-left elementor-grid-0 elementor-widget elementor-widget-social-icons\" data-id=\"17fcdf0\" data-element_type=\"widget\" data-e-type=\"widget\" data-widget_type=\"social-icons.default\">\n\t\t\t\t<div class=\"elementor-widget-container\">\n\t\t\t\t\t\t\t<div class=\"elementor-social-icons-wrapper elementor-grid\">\n\t\t\t\t\t\t\t<span class=\"elementor-grid-item\">\n\t\t\t\t\t<a class=\"elementor-icon elementor-social-icon elementor-social-icon-linkedin elementor-animation-float elementor-repeater-item-fb21e6a\" href=\"https:\/\/www.linkedin.com\/in\/jacques-renault-1b227026\/\" target=\"_blank\">\n\t\t\t\t\t\t<span class=\"elementor-screen-only\">Linkedin<\/span>\n\t\t\t\t\t\t<svg aria-hidden=\"true\" class=\"e-font-icon-svg e-fab-linkedin\" viewbox=\"0 0 448 512\" xmlns=\"http:\/\/www.w3.org\/2000\/svg\"><path d=\"M416 32H31.9C14.3 32 0 46.5 0 64.3v383.4C0 465.5 14.3 480 31.9 480H416c17.6 0 32-14.5 32-32.3V64.3c0-17.8-14.4-32.3-32-32.3zM135.4 416H69V202.2h66.5V416zm-33.2-243c-21.3 0-38.5-17.3-38.5-38.5S80.9 96 102.2 96c21.2 0 38.5 17.3 38.5 38.5 0 21.3-17.2 38.5-38.5 38.5zm282.1 243h-66.4V312c0-24.8-.5-56.7-34.5-56.7-34.6 0-39.9 27-39.9 54.9V416h-66.4V202.2h63.7v29.2h.9c8.9-16.8 30.6-34.5 62.9-34.5 67.2 0 79.7 44.3 79.7 101.9V416z\"><\/path><\/svg>\t\t\t\t\t<\/a>\n\t\t\t\t<\/span>\n\t\t\t\t\t<\/div>\n\t\t\t\t\t\t<\/div>\n\t\t\t\t<\/div>\n\t\t\t\t\t<\/div>\n\t\t<\/div>\n\t\t\t\t\t<\/div>\n\t\t<\/section>\n\t\t\t\t<\/div>","protected":false},"excerpt":{"rendered":"<p>Jacques RENAULT Founder &#8211; FUNAE Jacques cuenta con una amplia experiencia en la industria alimentaria y la gesti\u00f3n de la cadena de suministro en puestos de alta responsabilidad. Adem\u00e1s, cuenta con una amplia experiencia como consultor. Recientemente desarroll\u00f3 nuevos m\u00e9todos de gesti\u00f3n del cambio, espec\u00edficamente para la industria 4.0 en el sector agr\u00edcola y de procesamiento de alimentos. Desde cuestiones estrat\u00e9gicas hasta la implementaci\u00f3n de proyectos concretos y pragm\u00e1ticos, Jacques sabe c\u00f3mo potenciar las habilidades y el dinamismo de las personas. M\u00e1s de 15 a\u00f1os en el sector agr\u00edcola y de procesamiento de alimentos en puestos de alta direcci\u00f3n: Groupe Agrial \u2013 Director General, Divisi\u00f3n de Carne y Aves Panavi \u2013 Vicepresidente de Operaciones y Cadena de Suministro, Francia. Desarrollo de nuevos productos como McBaguette para McDonald&#8217;s Holder Group \u2013 Director General, Divisi\u00f3n de Industria y Cadena de Suministro. Trabaj\u00f3 en el concepto McCaf\u00e9 \u00abLlave en mano\u00bb para McDonald&#8217;s Francia. East Balt Bakery \u2013 Director General Francia M\u00e1s de 10 a\u00f1os en la cadena de suministro en puestos de nivel ejecutivo: STEF-TFE \u2013 Director General, Divisi\u00f3n de Catering LR Services (proveedor de la cadena de suministro de McDonald&#8217;s en Francia) \u2013 Vicepresidente de Operaciones, Norte de Francia Jacques RENAULT se gradu\u00f3 de la \u00c9cole Centrale Supelec y de la Universidad Paris Dauphine. Comenz\u00f3 su carrera en la consultora internacional Mazars, donde trabaj\u00f3 durante 4 a\u00f1os. Linkedin<\/p>","protected":false},"author":1,"featured_media":0,"parent":0,"menu_order":0,"comment_status":"closed","ping_status":"closed","template":"elementor_header_footer","meta":{"content-type":"","footnotes":""},"class_list":["post-1011","page","type-page","status-publish","hentry"],"aioseo_notices":[],"_links":{"self":[{"href":"https:\/\/qsrconsultant.com\/en\/wp-json\/wp\/v2\/pages\/1011","targetHints":{"allow":["GET"]}}],"collection":[{"href":"https:\/\/qsrconsultant.com\/en\/wp-json\/wp\/v2\/pages"}],"about":[{"href":"https:\/\/qsrconsultant.com\/en\/wp-json\/wp\/v2\/types\/page"}],"author":[{"embeddable":true,"href":"https:\/\/qsrconsultant.com\/en\/wp-json\/wp\/v2\/users\/1"}],"replies":[{"embeddable":true,"href":"https:\/\/qsrconsultant.com\/en\/wp-json\/wp\/v2\/comments?post=1011"}],"version-history":[{"count":21,"href":"https:\/\/qsrconsultant.com\/en\/wp-json\/wp\/v2\/pages\/1011\/revisions"}],"predecessor-version":[{"id":3128,"href":"https:\/\/qsrconsultant.com\/en\/wp-json\/wp\/v2\/pages\/1011\/revisions\/3128"}],"wp:attachment":[{"href":"https:\/\/qsrconsultant.com\/en\/wp-json\/wp\/v2\/media?parent=1011"}],"curies":[{"name":"wp","href":"https:\/\/api.w.org\/{rel}","templated":true}]}}