{"id":1665,"date":"2025-03-30T19:26:53","date_gmt":"2025-03-30T19:26:53","guid":{"rendered":"https:\/\/lightcyan-boar-669452.hostingersite.com\/?page_id=1665"},"modified":"2025-04-18T14:05:31","modified_gmt":"2025-04-18T14:05:31","slug":"carlos-lameiro","status":"publish","type":"page","link":"https:\/\/qsrconsultant.com\/en\/carlos-lameiro\/","title":{"rendered":"Carlos LAMEIRO"},"content":{"rendered":"<div data-elementor-type=\"wp-page\" data-elementor-id=\"1665\" class=\"elementor elementor-1665\" data-elementor-post-type=\"page\">\n\t\t\t\t\t\t<section class=\"elementor-section elementor-top-section elementor-element elementor-element-6d40a450 elementor-section-content-middle elementor-section-boxed elementor-section-height-default elementor-section-height-default wpr-particle-no wpr-jarallax-no wpr-parallax-no wpr-sticky-section-no wpr-equal-height-no\" data-id=\"6d40a450\" data-element_type=\"section\" data-e-type=\"section\" data-settings=\"{&quot;background_background&quot;:&quot;classic&quot;}\">\n\t\t\t\t\t\t<div class=\"elementor-container elementor-column-gap-wide\">\n\t\t\t\t\t<div class=\"elementor-column elementor-col-50 elementor-top-column elementor-element elementor-element-7a793c7e\" data-id=\"7a793c7e\" data-element_type=\"column\" data-e-type=\"column\" data-settings=\"{&quot;background_background&quot;:&quot;classic&quot;}\">\n\t\t\t<div class=\"elementor-widget-wrap elementor-element-populated\">\n\t\t\t\t\t\t<div class=\"elementor-element elementor-element-569a2f4 elementor-widget elementor-widget-image\" data-id=\"569a2f4\" data-element_type=\"widget\" data-e-type=\"widget\" data-widget_type=\"image.default\">\n\t\t\t\t<div class=\"elementor-widget-container\">\n\t\t\t\t\t\t\t\t\t\t\t\t\t\t\t<img fetchpriority=\"high\" decoding=\"async\" width=\"800\" height=\"800\" src=\"https:\/\/qsrconsultant.com\/wp-content\/uploads\/2025\/03\/1674188340076.jpeg\" class=\"attachment-large size-large wp-image-1666\" alt=\"\" srcset=\"https:\/\/qsrconsultant.com\/wp-content\/uploads\/2025\/03\/1674188340076.jpeg 800w, https:\/\/qsrconsultant.com\/wp-content\/uploads\/2025\/03\/1674188340076-300x300.jpeg 300w, https:\/\/qsrconsultant.com\/wp-content\/uploads\/2025\/03\/1674188340076-150x150.jpeg 150w, https:\/\/qsrconsultant.com\/wp-content\/uploads\/2025\/03\/1674188340076-768x768.jpeg 768w, https:\/\/qsrconsultant.com\/wp-content\/uploads\/2025\/03\/1674188340076-12x12.jpeg 12w\" sizes=\"(max-width: 800px) 100vw, 800px\" \/>\t\t\t\t\t\t\t\t\t\t\t\t\t\t\t<\/div>\n\t\t\t\t<\/div>\n\t\t\t\t\t<\/div>\n\t\t<\/div>\n\t\t\t\t<div class=\"elementor-column elementor-col-50 elementor-top-column elementor-element elementor-element-1002530d\" data-id=\"1002530d\" data-element_type=\"column\" data-e-type=\"column\">\n\t\t\t<div class=\"elementor-widget-wrap elementor-element-populated\">\n\t\t\t\t\t\t<div class=\"elementor-element elementor-element-4881d744 elementor-widget elementor-widget-heading\" data-id=\"4881d744\" data-element_type=\"widget\" data-e-type=\"widget\" data-widget_type=\"heading.default\">\n\t\t\t\t<div class=\"elementor-widget-container\">\n\t\t\t\t\t<h2 class=\"elementor-heading-title elementor-size-xxl\">Carlos LAMEIRO<\/h2>\t\t\t\t<\/div>\n\t\t\t\t<\/div>\n\t\t\t\t<div class=\"elementor-element elementor-element-2cc2e5d elementor-invisible elementor-widget elementor-widget-heading\" data-id=\"2cc2e5d\" data-element_type=\"widget\" data-e-type=\"widget\" data-settings=\"{&quot;_animation&quot;:&quot;fadeIn&quot;}\" data-widget_type=\"heading.default\">\n\t\t\t\t<div class=\"elementor-widget-container\">\n\t\t\t\t\t<h5 class=\"elementor-heading-title elementor-size-medium\">Certified Management Consultant | Certified Business Intelligence Expert | BSc, BComm, IEMBA, CMC, MCSE-DMA, MCSE-BI<\/h5>\t\t\t\t<\/div>\n\t\t\t\t<\/div>\n\t\t\t\t<div class=\"elementor-element elementor-element-5322c629 elementor-widget-divider--view-line elementor-invisible elementor-widget elementor-widget-divider\" data-id=\"5322c629\" data-element_type=\"widget\" data-e-type=\"widget\" data-settings=\"{&quot;_animation&quot;:&quot;fadeInUp&quot;}\" data-widget_type=\"divider.default\">\n\t\t\t\t<div class=\"elementor-widget-container\">\n\t\t\t\t\t\t\t<div class=\"elementor-divider\">\n\t\t\t<span class=\"elementor-divider-separator\">\n\t\t\t\t\t\t<\/span>\n\t\t<\/div>\n\t\t\t\t\t\t<\/div>\n\t\t\t\t<\/div>\n\t\t\t\t<div class=\"elementor-element elementor-element-2be9714b elementor-widget elementor-widget-text-editor\" data-id=\"2be9714b\" data-element_type=\"widget\" data-e-type=\"widget\" data-widget_type=\"text-editor.default\">\n\t\t\t\t<div class=\"elementor-widget-container\">\n\t\t\t\t\t\t\t\t\t<p>Carlos is a Certified Management Consultant (CMC) specializing in Business Performance and Business Intelligence (BI) Architecture. He earned Microsoft's highest certification for BI: Microsoft Certified Solution Expert: Business Intelligence (MCSE-BI), specializing in the design and implementation of Business Intelligence, Forecasting, Planning &amp; Budgeting solutions, including the implementation and redesign of transactional ERP and CRM systems.<\/p><p>Having worked since 1995 on hundreds of successful ERP, CRM, and BI projects with private sector clients such as Hitachi Europe, Bosch, McDonald's, Pfizer Pharmaceuticals, SITA.aero, Willis, IE Business School, and others, Carlos brings extensive experience to his projects. His international experience also includes visits to client sites in virtually every country in Europe, North America, and Latin America.<\/p><p>Carlos graduated from IE Business School (Instituto de Empresa) in Madrid with an International\/Global Executive MBA, and from the University of Toronto with a Bachelor of Science and a Bachelor of Commerce degree. He has also earned numerous technical certifications and is a specialist professor at business schools and seminars in the areas of management consulting, business intelligence, budgeting, forecasting, and planning.<\/p>\t\t\t\t\t\t\t\t<\/div>\n\t\t\t\t<\/div>\n\t\t\t\t<div class=\"elementor-element elementor-element-17fcdf0 elementor-shape-square e-grid-align-left elementor-grid-0 elementor-widget elementor-widget-social-icons\" data-id=\"17fcdf0\" data-element_type=\"widget\" data-e-type=\"widget\" data-widget_type=\"social-icons.default\">\n\t\t\t\t<div class=\"elementor-widget-container\">\n\t\t\t\t\t\t\t<div class=\"elementor-social-icons-wrapper elementor-grid\">\n\t\t\t\t\t\t\t<span class=\"elementor-grid-item\">\n\t\t\t\t\t<a class=\"elementor-icon elementor-social-icon elementor-social-icon-linkedin elementor-animation-float elementor-repeater-item-fb21e6a\" href=\"https:\/\/www.linkedin.com\/in\/carloslameiro\/\" target=\"_blank\">\n\t\t\t\t\t\t<span class=\"elementor-screen-only\">Linkedin<\/span>\n\t\t\t\t\t\t<svg aria-hidden=\"true\" class=\"e-font-icon-svg e-fab-linkedin\" viewbox=\"0 0 448 512\" xmlns=\"http:\/\/www.w3.org\/2000\/svg\"><path d=\"M416 32H31.9C14.3 32 0 46.5 0 64.3v383.4C0 465.5 14.3 480 31.9 480H416c17.6 0 32-14.5 32-32.3V64.3c0-17.8-14.4-32.3-32-32.3zM135.4 416H69V202.2h66.5V416zm-33.2-243c-21.3 0-38.5-17.3-38.5-38.5S80.9 96 102.2 96c21.2 0 38.5 17.3 38.5 38.5 0 21.3-17.2 38.5-38.5 38.5zm282.1 243h-66.4V312c0-24.8-.5-56.7-34.5-56.7-34.6 0-39.9 27-39.9 54.9V416h-66.4V202.2h63.7v29.2h.9c8.9-16.8 30.6-34.5 62.9-34.5 67.2 0 79.7 44.3 79.7 101.9V416z\"><\/path><\/svg>\t\t\t\t\t<\/a>\n\t\t\t\t<\/span>\n\t\t\t\t\t<\/div>\n\t\t\t\t\t\t<\/div>\n\t\t\t\t<\/div>\n\t\t\t\t\t<\/div>\n\t\t<\/div>\n\t\t\t\t\t<\/div>\n\t\t<\/section>\n\t\t\t\t<\/div>","protected":false},"excerpt":{"rendered":"<p>Carlos LAMEIRO Certified Management Consultant | Certified Business Intelligence Expert | BSc, BComm, IEMBA, CMC, MCSE-DMA, MCSE-BI Carlos es Consultor de Gesti\u00f3n Certificado (CMC) especializado en Rendimiento Empresarial y Arquitectura de Inteligencia de Negocios (BI). Obtuvo la m\u00e1xima certificaci\u00f3n de Microsoft para BI: \u00abMicrosoft Certified Solution Expert: Business Intelligence (MCSE-BI)\u00bb, especializ\u00e1ndose en el dise\u00f1o e implementaci\u00f3n de soluciones de Business Intelligence, Forecasting, Planning &amp; Budgeting, incluyendo la implementaci\u00f3n y el redise\u00f1o de sistemas ERP y CRM transaccionales. Tras haber trabajado desde 1995 en cientos de proyectos exitosos de ERP, CRM y BI con clientes del sector privado, como Hitachi Europe, Bosch, McDonald&#8217;s, Pfizer Pharmaceuticals, SITA.aero, Willis, IE Business School y otros, Carlos aporta una amplia experiencia a sus proyectos. Su experiencia internacional tambi\u00e9n incluye visitas a las instalaciones de clientes en pr\u00e1cticamente todos los pa\u00edses de Europa, Norteam\u00e9rica y Latinoam\u00e9rica. Carlos es graduado del IE Business School (Instituto de Empresa) en Madrid, con un MBA Ejecutivo Internacional\/Global, y de la Universidad de Toronto, con una Licenciatura en Ciencias y una Licenciatura en Comercio. Adem\u00e1s, ha obtenido numerosas certificaciones t\u00e9cnicas y es profesor especialista en escuelas de negocio y seminarios en las \u00e1reas de consultor\u00eda de gesti\u00f3n, inteligencia de negocio, presupuestaci\u00f3n, previsi\u00f3n y planificaci\u00f3n. Linkedin<\/p>","protected":false},"author":1,"featured_media":0,"parent":0,"menu_order":0,"comment_status":"closed","ping_status":"closed","template":"elementor_header_footer","meta":{"content-type":"","footnotes":""},"class_list":["post-1665","page","type-page","status-publish","hentry"],"aioseo_notices":[],"_links":{"self":[{"href":"https:\/\/qsrconsultant.com\/en\/wp-json\/wp\/v2\/pages\/1665","targetHints":{"allow":["GET"]}}],"collection":[{"href":"https:\/\/qsrconsultant.com\/en\/wp-json\/wp\/v2\/pages"}],"about":[{"href":"https:\/\/qsrconsultant.com\/en\/wp-json\/wp\/v2\/types\/page"}],"author":[{"embeddable":true,"href":"https:\/\/qsrconsultant.com\/en\/wp-json\/wp\/v2\/users\/1"}],"replies":[{"embeddable":true,"href":"https:\/\/qsrconsultant.com\/en\/wp-json\/wp\/v2\/comments?post=1665"}],"version-history":[{"count":9,"href":"https:\/\/qsrconsultant.com\/en\/wp-json\/wp\/v2\/pages\/1665\/revisions"}],"predecessor-version":[{"id":3137,"href":"https:\/\/qsrconsultant.com\/en\/wp-json\/wp\/v2\/pages\/1665\/revisions\/3137"}],"wp:attachment":[{"href":"https:\/\/qsrconsultant.com\/en\/wp-json\/wp\/v2\/media?parent=1665"}],"curies":[{"name":"wp","href":"https:\/\/api.w.org\/{rel}","templated":true}]}}