{"id":1688,"date":"2025-03-30T19:34:08","date_gmt":"2025-03-30T19:34:08","guid":{"rendered":"https:\/\/lightcyan-boar-669452.hostingersite.com\/?page_id=1688"},"modified":"2025-03-30T19:36:11","modified_gmt":"2025-03-30T19:36:11","slug":"emilio-quero-rodriguez","status":"publish","type":"page","link":"https:\/\/qsrconsultant.com\/en\/emilio-quero-rodriguez\/","title":{"rendered":"Emilio Quero Rodr\u00edguez"},"content":{"rendered":"<div data-elementor-type=\"wp-page\" data-elementor-id=\"1688\" class=\"elementor elementor-1688\" data-elementor-post-type=\"page\">\n\t\t\t\t\t\t<section class=\"elementor-section elementor-top-section elementor-element elementor-element-6d40a450 elementor-section-content-middle elementor-section-boxed elementor-section-height-default elementor-section-height-default wpr-particle-no wpr-jarallax-no wpr-parallax-no wpr-sticky-section-no wpr-equal-height-no\" data-id=\"6d40a450\" data-element_type=\"section\" data-e-type=\"section\" data-settings=\"{&quot;background_background&quot;:&quot;classic&quot;}\">\n\t\t\t\t\t\t<div class=\"elementor-container elementor-column-gap-wide\">\n\t\t\t\t\t<div class=\"elementor-column elementor-col-50 elementor-top-column elementor-element elementor-element-7a793c7e\" data-id=\"7a793c7e\" data-element_type=\"column\" data-e-type=\"column\" data-settings=\"{&quot;background_background&quot;:&quot;classic&quot;}\">\n\t\t\t<div class=\"elementor-widget-wrap elementor-element-populated\">\n\t\t\t\t\t\t<div class=\"elementor-element elementor-element-569a2f4 elementor-widget elementor-widget-image\" data-id=\"569a2f4\" data-element_type=\"widget\" data-e-type=\"widget\" data-widget_type=\"image.default\">\n\t\t\t\t<div class=\"elementor-widget-container\">\n\t\t\t\t\t\t\t\t\t\t\t\t\t\t\t<img fetchpriority=\"high\" decoding=\"async\" width=\"400\" height=\"400\" src=\"https:\/\/qsrconsultant.com\/wp-content\/uploads\/2025\/03\/1727703234215.jpeg\" class=\"attachment-large size-large wp-image-1689\" alt=\"\" srcset=\"https:\/\/qsrconsultant.com\/wp-content\/uploads\/2025\/03\/1727703234215.jpeg 400w, https:\/\/qsrconsultant.com\/wp-content\/uploads\/2025\/03\/1727703234215-300x300.jpeg 300w, https:\/\/qsrconsultant.com\/wp-content\/uploads\/2025\/03\/1727703234215-150x150.jpeg 150w, https:\/\/qsrconsultant.com\/wp-content\/uploads\/2025\/03\/1727703234215-12x12.jpeg 12w\" sizes=\"(max-width: 400px) 100vw, 400px\" \/>\t\t\t\t\t\t\t\t\t\t\t\t\t\t\t<\/div>\n\t\t\t\t<\/div>\n\t\t\t\t\t<\/div>\n\t\t<\/div>\n\t\t\t\t<div class=\"elementor-column elementor-col-50 elementor-top-column elementor-element elementor-element-1002530d\" data-id=\"1002530d\" data-element_type=\"column\" data-e-type=\"column\">\n\t\t\t<div class=\"elementor-widget-wrap elementor-element-populated\">\n\t\t\t\t\t\t<div class=\"elementor-element elementor-element-4881d744 elementor-widget elementor-widget-heading\" data-id=\"4881d744\" data-element_type=\"widget\" data-e-type=\"widget\" data-widget_type=\"heading.default\">\n\t\t\t\t<div class=\"elementor-widget-container\">\n\t\t\t\t\t<h2 class=\"elementor-heading-title elementor-size-xxl\">Emilio Quero Rodr\u00edguez<\/h2>\t\t\t\t<\/div>\n\t\t\t\t<\/div>\n\t\t\t\t<div class=\"elementor-element elementor-element-2cc2e5d elementor-invisible elementor-widget elementor-widget-heading\" data-id=\"2cc2e5d\" data-element_type=\"widget\" data-e-type=\"widget\" data-settings=\"{&quot;_animation&quot;:&quot;fadeIn&quot;}\" data-widget_type=\"heading.default\">\n\t\t\t\t<div class=\"elementor-widget-container\">\n\t\t\t\t\t<h5 class=\"elementor-heading-title elementor-size-medium\">Senior executive<\/h5>\t\t\t\t<\/div>\n\t\t\t\t<\/div>\n\t\t\t\t<div class=\"elementor-element elementor-element-5322c629 elementor-widget-divider--view-line elementor-invisible elementor-widget elementor-widget-divider\" data-id=\"5322c629\" data-element_type=\"widget\" data-e-type=\"widget\" data-settings=\"{&quot;_animation&quot;:&quot;fadeInUp&quot;}\" data-widget_type=\"divider.default\">\n\t\t\t\t<div class=\"elementor-widget-container\">\n\t\t\t\t\t\t\t<div class=\"elementor-divider\">\n\t\t\t<span class=\"elementor-divider-separator\">\n\t\t\t\t\t\t<\/span>\n\t\t<\/div>\n\t\t\t\t\t\t<\/div>\n\t\t\t\t<\/div>\n\t\t\t\t<div class=\"elementor-element elementor-element-2be9714b elementor-widget elementor-widget-text-editor\" data-id=\"2be9714b\" data-element_type=\"widget\" data-e-type=\"widget\" data-widget_type=\"text-editor.default\">\n\t\t\t\t<div class=\"elementor-widget-container\">\n\t\t\t\t\t\t\t\t\t<p>A senior executive with a solid track record leading operations, expansion, and strategic transformation for global brands such as Bricorama, Burger King, Regus, Anytime Fitness, and DIA Group. Emilio has been instrumental in developing international businesses, serving as General Manager and Development Director.<\/p><p>He has extensive consulting experience in the retail, franchise, and FMCG sectors, providing innovative and strategic solutions to drive business growth.<\/p><p>An Industrial Engineer from Jos\u00e9 Mar\u00eda Vargas University, with an MBA from ICADE, a PDD from IESE, and an ADECA from the San Telmo Foundation, Emilio combines his academic training with a strategic vision and proven leadership to generate exceptional results in global business.<\/p><p>A senior executive with a solid track record leading operations, expansion, and strategic transformation for global brands such as Burger King, Regus, Anytime Fitness, and DIA Group. Emilio has been instrumental in developing international businesses, serving as General Manager and Director of Development.<\/p><p>He has extensive consulting experience in the retail, franchising, and consumer goods sectors, providing innovative and strategic solutions to drive business growth.<\/p><p>An Industrial Engineer from Jos\u00e9 Mar\u00eda Vargas University, with an MBA from ICADE, a PDD from IESE, and an ADECA from the San Telmo Foundation, Emilio combines his academic training with a strategic vision and proven leadership to deliver exceptional results in global business.<\/p>\t\t\t\t\t\t\t\t<\/div>\n\t\t\t\t<\/div>\n\t\t\t\t<div class=\"elementor-element elementor-element-17fcdf0 elementor-shape-square e-grid-align-left elementor-grid-0 elementor-widget elementor-widget-social-icons\" data-id=\"17fcdf0\" data-element_type=\"widget\" data-e-type=\"widget\" data-widget_type=\"social-icons.default\">\n\t\t\t\t<div class=\"elementor-widget-container\">\n\t\t\t\t\t\t\t<div class=\"elementor-social-icons-wrapper elementor-grid\">\n\t\t\t\t\t\t\t<span class=\"elementor-grid-item\">\n\t\t\t\t\t<a class=\"elementor-icon elementor-social-icon elementor-social-icon-linkedin elementor-animation-float elementor-repeater-item-fb21e6a\" href=\"https:\/\/www.linkedin.com\/in\/emilioquero\/\" target=\"_blank\">\n\t\t\t\t\t\t<span class=\"elementor-screen-only\">Linkedin<\/span>\n\t\t\t\t\t\t<svg aria-hidden=\"true\" class=\"e-font-icon-svg e-fab-linkedin\" viewbox=\"0 0 448 512\" xmlns=\"http:\/\/www.w3.org\/2000\/svg\"><path d=\"M416 32H31.9C14.3 32 0 46.5 0 64.3v383.4C0 465.5 14.3 480 31.9 480H416c17.6 0 32-14.5 32-32.3V64.3c0-17.8-14.4-32.3-32-32.3zM135.4 416H69V202.2h66.5V416zm-33.2-243c-21.3 0-38.5-17.3-38.5-38.5S80.9 96 102.2 96c21.2 0 38.5 17.3 38.5 38.5 0 21.3-17.2 38.5-38.5 38.5zm282.1 243h-66.4V312c0-24.8-.5-56.7-34.5-56.7-34.6 0-39.9 27-39.9 54.9V416h-66.4V202.2h63.7v29.2h.9c8.9-16.8 30.6-34.5 62.9-34.5 67.2 0 79.7 44.3 79.7 101.9V416z\"><\/path><\/svg>\t\t\t\t\t<\/a>\n\t\t\t\t<\/span>\n\t\t\t\t\t<\/div>\n\t\t\t\t\t\t<\/div>\n\t\t\t\t<\/div>\n\t\t\t\t\t<\/div>\n\t\t<\/div>\n\t\t\t\t\t<\/div>\n\t\t<\/section>\n\t\t\t\t<\/div>","protected":false},"excerpt":{"rendered":"<p>Emilio Quero Rodr\u00edguez Senior executive Ejecutivo senior con una s\u00f3lida trayectoria liderando operaciones, expansi\u00f3n y transformaci\u00f3n estrat\u00e9gica en marcas globales como Bricorama, Burger King, Regus, Anytime Fitness y DIA Group. Emilio ha sido clave en el desarrollo de negocios internacionales, destacando como Director General y Director de Desarrollo. Cuenta con amplia experiencia en consultor\u00eda para los sectores de retail, franquicia y FMCG, aportando soluciones innovadoras y estrat\u00e9gicas para impulsar el crecimiento empresarial. Ingeniero Industrial por la Universidad Jos\u00e9 Mar\u00eda Vargas, MBA por ICADE, PDD por el IESE y ADECA por la Fundaci\u00f3n San Telmo, Emilio combina su formaci\u00f3n acad\u00e9mica con una visi\u00f3n estrat\u00e9gica y liderazgo comprobado para generar resultados excepcionales en negocios globales. Ejecutivo senior con una s\u00f3lida trayectoria en liderar operaciones, expansi\u00f3n y transformaci\u00f3n estrat\u00e9gica para marcas globales como Burger King, Regus, Anytime Fitness y DIA Group. Emilio ha sido clave en el desarrollo de negocios internacionales, destac\u00e1ndose como Director General y Director de Desarrollo. Tiene amplia experiencia en consultor\u00eda para los sectores minorista, franquicias y bienes de consumo, brindando soluciones innovadoras y estrat\u00e9gicas para impulsar el crecimiento empresarial. Ingeniero Industrial de la Universidad Jos\u00e9 Mar\u00eda Vargas, MBA de ICADE, PDD de IESE y ADECA de Fundaci\u00f3n San Telmo, Emilio combina su formaci\u00f3n acad\u00e9mica con una visi\u00f3n estrat\u00e9gica y un liderazgo comprobado para ofrecer resultados excepcionales en negocios globales. Linkedin<\/p>","protected":false},"author":1,"featured_media":0,"parent":0,"menu_order":0,"comment_status":"closed","ping_status":"closed","template":"elementor_header_footer","meta":{"content-type":"","footnotes":""},"class_list":["post-1688","page","type-page","status-publish","hentry"],"aioseo_notices":[],"_links":{"self":[{"href":"https:\/\/qsrconsultant.com\/en\/wp-json\/wp\/v2\/pages\/1688","targetHints":{"allow":["GET"]}}],"collection":[{"href":"https:\/\/qsrconsultant.com\/en\/wp-json\/wp\/v2\/pages"}],"about":[{"href":"https:\/\/qsrconsultant.com\/en\/wp-json\/wp\/v2\/types\/page"}],"author":[{"embeddable":true,"href":"https:\/\/qsrconsultant.com\/en\/wp-json\/wp\/v2\/users\/1"}],"replies":[{"embeddable":true,"href":"https:\/\/qsrconsultant.com\/en\/wp-json\/wp\/v2\/comments?post=1688"}],"version-history":[{"count":3,"href":"https:\/\/qsrconsultant.com\/en\/wp-json\/wp\/v2\/pages\/1688\/revisions"}],"predecessor-version":[{"id":1692,"href":"https:\/\/qsrconsultant.com\/en\/wp-json\/wp\/v2\/pages\/1688\/revisions\/1692"}],"wp:attachment":[{"href":"https:\/\/qsrconsultant.com\/en\/wp-json\/wp\/v2\/media?parent=1688"}],"curies":[{"name":"wp","href":"https:\/\/api.w.org\/{rel}","templated":true}]}}