{"id":1680,"date":"2025-03-30T19:30:58","date_gmt":"2025-03-30T19:30:58","guid":{"rendered":"https:\/\/lightcyan-boar-669452.hostingersite.com\/?page_id=1680"},"modified":"2025-04-18T14:23:45","modified_gmt":"2025-04-18T14:23:45","slug":"serge-blanchard","status":"publish","type":"page","link":"https:\/\/qsrconsultant.com\/es_es\/serge-blanchard\/","title":{"rendered":"Serge BLANCHARD"},"content":{"rendered":"\t\t<div data-elementor-type=\"wp-page\" data-elementor-id=\"1680\" class=\"elementor elementor-1680\" data-elementor-post-type=\"page\">\n\t\t\t\t\t\t<section class=\"elementor-section elementor-top-section elementor-element elementor-element-6d40a450 elementor-section-content-middle elementor-section-boxed elementor-section-height-default elementor-section-height-default wpr-particle-no wpr-jarallax-no wpr-parallax-no wpr-sticky-section-no wpr-equal-height-no\" data-id=\"6d40a450\" data-element_type=\"section\" data-e-type=\"section\" data-settings=\"{&quot;background_background&quot;:&quot;classic&quot;}\">\n\t\t\t\t\t\t<div class=\"elementor-container elementor-column-gap-wide\">\n\t\t\t\t\t<div class=\"elementor-column elementor-col-50 elementor-top-column elementor-element elementor-element-7a793c7e\" data-id=\"7a793c7e\" data-element_type=\"column\" data-e-type=\"column\" data-settings=\"{&quot;background_background&quot;:&quot;classic&quot;}\">\n\t\t\t<div class=\"elementor-widget-wrap elementor-element-populated\">\n\t\t\t\t\t\t<div class=\"elementor-element elementor-element-569a2f4 elementor-widget elementor-widget-image\" data-id=\"569a2f4\" data-element_type=\"widget\" data-e-type=\"widget\" data-widget_type=\"image.default\">\n\t\t\t\t<div class=\"elementor-widget-container\">\n\t\t\t\t\t\t\t\t\t\t\t\t\t\t\t<img fetchpriority=\"high\" decoding=\"async\" width=\"300\" height=\"300\" src=\"https:\/\/qsrconsultant.com\/wp-content\/uploads\/2025\/03\/Serge-BLANCHARD-300x300.webp\" class=\"attachment-medium size-medium wp-image-1754\" alt=\"\" srcset=\"https:\/\/qsrconsultant.com\/wp-content\/uploads\/2025\/03\/Serge-BLANCHARD-300x300.webp 300w, https:\/\/qsrconsultant.com\/wp-content\/uploads\/2025\/03\/Serge-BLANCHARD-150x150.webp 150w, https:\/\/qsrconsultant.com\/wp-content\/uploads\/2025\/03\/Serge-BLANCHARD-12x12.webp 12w, https:\/\/qsrconsultant.com\/wp-content\/uploads\/2025\/03\/Serge-BLANCHARD.webp 700w\" sizes=\"(max-width: 300px) 100vw, 300px\" \/>\t\t\t\t\t\t\t\t\t\t\t\t\t\t\t<\/div>\n\t\t\t\t<\/div>\n\t\t\t\t\t<\/div>\n\t\t<\/div>\n\t\t\t\t<div class=\"elementor-column elementor-col-50 elementor-top-column elementor-element elementor-element-1002530d\" data-id=\"1002530d\" data-element_type=\"column\" data-e-type=\"column\">\n\t\t\t<div class=\"elementor-widget-wrap elementor-element-populated\">\n\t\t\t\t\t\t<div class=\"elementor-element elementor-element-4881d744 elementor-widget elementor-widget-heading\" data-id=\"4881d744\" data-element_type=\"widget\" data-e-type=\"widget\" data-widget_type=\"heading.default\">\n\t\t\t\t<div class=\"elementor-widget-container\">\n\t\t\t\t\t<h2 class=\"elementor-heading-title elementor-size-xxl\">Serge BLANCHARD<\/h2>\t\t\t\t<\/div>\n\t\t\t\t<\/div>\n\t\t\t\t<div class=\"elementor-element elementor-element-2cc2e5d elementor-invisible elementor-widget elementor-widget-heading\" data-id=\"2cc2e5d\" data-element_type=\"widget\" data-e-type=\"widget\" data-settings=\"{&quot;_animation&quot;:&quot;fadeIn&quot;}\" data-widget_type=\"heading.default\">\n\t\t\t\t<div class=\"elementor-widget-container\">\n\t\t\t\t\t<h5 class=\"elementor-heading-title elementor-size-medium\">Managing Partner at SCB SUBSAHARA<\/h5>\t\t\t\t<\/div>\n\t\t\t\t<\/div>\n\t\t\t\t<div class=\"elementor-element elementor-element-5322c629 elementor-widget-divider--view-line elementor-invisible elementor-widget elementor-widget-divider\" data-id=\"5322c629\" data-element_type=\"widget\" data-e-type=\"widget\" data-settings=\"{&quot;_animation&quot;:&quot;fadeInUp&quot;}\" data-widget_type=\"divider.default\">\n\t\t\t\t<div class=\"elementor-widget-container\">\n\t\t\t\t\t\t\t<div class=\"elementor-divider\">\n\t\t\t<span class=\"elementor-divider-separator\">\n\t\t\t\t\t\t<\/span>\n\t\t<\/div>\n\t\t\t\t\t\t<\/div>\n\t\t\t\t<\/div>\n\t\t\t\t<div class=\"elementor-element elementor-element-2be9714b elementor-widget elementor-widget-text-editor\" data-id=\"2be9714b\" data-element_type=\"widget\" data-e-type=\"widget\" data-widget_type=\"text-editor.default\">\n\t\t\t\t<div class=\"elementor-widget-container\">\n\t\t\t\t\t\t\t\t\t<p>M\u00e1s de 15 a\u00f1os de experiencia en consultor\u00eda estrat\u00e9gica (BCG, OC&amp;C).<\/p><p>10 a\u00f1os de experiencia en emprendimiento (servicios de distribuci\u00f3n profesional).<\/p><p>5 a\u00f1os en un puesto de alta direcci\u00f3n en una empresa del \u00edndice CAC 40.<\/p><p>Serge se centra en estrategias e iniciativas destinadas a impulsar el crecimiento (servicios de TI, productos de papel, productos de aluminio, materiales de construcci\u00f3n, sistemas el\u00e9ctricos, etc.).<\/p><p>Cuenta con un amplio conocimiento de los principales mercados subsaharianos (Nigeria, Kenia, Ghana, etc.).<\/p><p>Autor de numerosos art\u00edculos de prensa sobre perspectivas de crecimiento en una amplia gama de sectores.<\/p><p>Citado extensamente en el \u00faltimo estudio exhaustivo sobre \u00c1frica publicado por Reuters.<\/p><p>Serge es tambi\u00e9n autor de dos libros sobre estrategias de crecimiento: \u201cQuand les RH construisent la croissance\u201d y \u201cNotre avenir d\u00e9pend d\u2019eux\u201d, Bourin Editeur, 2010.<\/p><p>Serge se gradu\u00f3 en la \u00c9cole Centrale de Paris y tiene un MBA de Wharton (Universidad de Pensilvania).<\/p>\t\t\t\t\t\t\t\t<\/div>\n\t\t\t\t<\/div>\n\t\t\t\t<div class=\"elementor-element elementor-element-17fcdf0 elementor-shape-square e-grid-align-left elementor-grid-0 elementor-widget elementor-widget-social-icons\" data-id=\"17fcdf0\" data-element_type=\"widget\" data-e-type=\"widget\" data-widget_type=\"social-icons.default\">\n\t\t\t\t<div class=\"elementor-widget-container\">\n\t\t\t\t\t\t\t<div class=\"elementor-social-icons-wrapper elementor-grid\">\n\t\t\t\t\t\t\t<span class=\"elementor-grid-item\">\n\t\t\t\t\t<a class=\"elementor-icon elementor-social-icon elementor-social-icon-linkedin elementor-animation-float elementor-repeater-item-fb21e6a\" href=\"https:\/\/www.linkedin.com\/in\/serge-blanchard-2334516\/\" target=\"_blank\">\n\t\t\t\t\t\t<span class=\"elementor-screen-only\">Linkedin<\/span>\n\t\t\t\t\t\t<svg aria-hidden=\"true\" class=\"e-font-icon-svg e-fab-linkedin\" viewBox=\"0 0 448 512\" xmlns=\"http:\/\/www.w3.org\/2000\/svg\"><path d=\"M416 32H31.9C14.3 32 0 46.5 0 64.3v383.4C0 465.5 14.3 480 31.9 480H416c17.6 0 32-14.5 32-32.3V64.3c0-17.8-14.4-32.3-32-32.3zM135.4 416H69V202.2h66.5V416zm-33.2-243c-21.3 0-38.5-17.3-38.5-38.5S80.9 96 102.2 96c21.2 0 38.5 17.3 38.5 38.5 0 21.3-17.2 38.5-38.5 38.5zm282.1 243h-66.4V312c0-24.8-.5-56.7-34.5-56.7-34.6 0-39.9 27-39.9 54.9V416h-66.4V202.2h63.7v29.2h.9c8.9-16.8 30.6-34.5 62.9-34.5 67.2 0 79.7 44.3 79.7 101.9V416z\"><\/path><\/svg>\t\t\t\t\t<\/a>\n\t\t\t\t<\/span>\n\t\t\t\t\t<\/div>\n\t\t\t\t\t\t<\/div>\n\t\t\t\t<\/div>\n\t\t\t\t\t<\/div>\n\t\t<\/div>\n\t\t\t\t\t<\/div>\n\t\t<\/section>\n\t\t\t\t<\/div>\n\t\t","protected":false},"excerpt":{"rendered":"<p>Serge BLANCHARD Managing Partner at SCB SUBSAHARA M\u00e1s de 15 a\u00f1os de experiencia en consultor\u00eda estrat\u00e9gica (BCG, OC&amp;C). 10 a\u00f1os de experiencia en emprendimiento (servicios de distribuci\u00f3n profesional). 5 a\u00f1os en un puesto de alta direcci\u00f3n en una empresa del \u00edndice CAC 40. Serge se centra en estrategias e iniciativas destinadas a impulsar el crecimiento (servicios de TI, productos de papel, productos de aluminio, materiales de construcci\u00f3n, sistemas el\u00e9ctricos, etc.). Cuenta con un amplio conocimiento de los principales mercados subsaharianos (Nigeria, Kenia, Ghana, etc.). Autor de numerosos art\u00edculos de prensa sobre perspectivas de crecimiento en una amplia gama de sectores. Citado extensamente en el \u00faltimo estudio exhaustivo sobre \u00c1frica publicado por Reuters. Serge es tambi\u00e9n autor de dos libros sobre estrategias de crecimiento: \u201cQuand les RH construisent la croissance\u201d y \u201cNotre avenir d\u00e9pend d\u2019eux\u201d, Bourin Editeur, 2010. Serge se gradu\u00f3 en la \u00c9cole Centrale de Paris y tiene un MBA de Wharton (Universidad de Pensilvania). Linkedin<\/p>\n","protected":false},"author":1,"featured_media":0,"parent":0,"menu_order":0,"comment_status":"closed","ping_status":"closed","template":"elementor_header_footer","meta":{"content-type":"","footnotes":""},"class_list":["post-1680","page","type-page","status-publish","hentry"],"aioseo_notices":[],"_links":{"self":[{"href":"https:\/\/qsrconsultant.com\/es_es\/wp-json\/wp\/v2\/pages\/1680","targetHints":{"allow":["GET"]}}],"collection":[{"href":"https:\/\/qsrconsultant.com\/es_es\/wp-json\/wp\/v2\/pages"}],"about":[{"href":"https:\/\/qsrconsultant.com\/es_es\/wp-json\/wp\/v2\/types\/page"}],"author":[{"embeddable":true,"href":"https:\/\/qsrconsultant.com\/es_es\/wp-json\/wp\/v2\/users\/1"}],"replies":[{"embeddable":true,"href":"https:\/\/qsrconsultant.com\/es_es\/wp-json\/wp\/v2\/comments?post=1680"}],"version-history":[{"count":6,"href":"https:\/\/qsrconsultant.com\/es_es\/wp-json\/wp\/v2\/pages\/1680\/revisions"}],"predecessor-version":[{"id":3140,"href":"https:\/\/qsrconsultant.com\/es_es\/wp-json\/wp\/v2\/pages\/1680\/revisions\/3140"}],"wp:attachment":[{"href":"https:\/\/qsrconsultant.com\/es_es\/wp-json\/wp\/v2\/media?parent=1680"}],"curies":[{"name":"wp","href":"https:\/\/api.w.org\/{rel}","templated":true}]}}