{"id":1785,"date":"2025-03-30T20:10:11","date_gmt":"2025-03-30T20:10:11","guid":{"rendered":"https:\/\/lightcyan-boar-669452.hostingersite.com\/?page_id=1785"},"modified":"2025-03-30T20:13:20","modified_gmt":"2025-03-30T20:13:20","slug":"politica-de-privacidad","status":"publish","type":"page","link":"https:\/\/qsrconsultant.com\/es_es\/politica-de-privacidad\/","title":{"rendered":"Pol\u00edtica de privacidad"},"content":{"rendered":"\t\t<div data-elementor-type=\"wp-page\" data-elementor-id=\"1785\" class=\"elementor elementor-1785\" data-elementor-post-type=\"page\">\n\t\t\t\t<div class=\"elementor-element elementor-element-0cb25c1 e-flex e-con-boxed wpr-particle-no wpr-jarallax-no wpr-parallax-no wpr-sticky-section-no wpr-equal-height-no e-con e-parent\" data-id=\"0cb25c1\" data-element_type=\"container\" data-e-type=\"container\">\n\t\t\t\t\t<div class=\"e-con-inner\">\n\t\t\t\t<div class=\"elementor-element elementor-element-83794fe elementor-widget elementor-widget-heading\" data-id=\"83794fe\" data-element_type=\"widget\" data-e-type=\"widget\" data-widget_type=\"heading.default\">\n\t\t\t\t<div class=\"elementor-widget-container\">\n\t\t\t\t\t<h2 class=\"elementor-heading-title elementor-size-default\">Pol\u00edtica de privacidad<\/h2>\t\t\t\t<\/div>\n\t\t\t\t<\/div>\n\t\t\t\t<div class=\"elementor-element elementor-element-c3170b7 elementor-widget elementor-widget-text-editor\" data-id=\"c3170b7\" data-element_type=\"widget\" data-e-type=\"widget\" data-widget_type=\"text-editor.default\">\n\t\t\t\t<div class=\"elementor-widget-container\">\n\t\t\t\t\t\t\t\t\t<p><strong>Responsable del Tratamiento de Datos<\/strong><br \/>El responsable del tratamiento de los datos personales que se recogen a trav\u00e9s de este sitio web es:<\/p><ul><li><strong>Titular:<\/strong>\u00a0Thierry Rousset<\/li><li><strong>NIF:<\/strong>\u00a0X4071629P<\/li><li><strong>Correo electr\u00f3nico:<\/strong>\u00a0<span style=\"color: #ff914c;\"><a style=\"color: #ff914c;\" href=\"mailto:qsrconsultant@qsrconsultant.com\">qsrconsultant@qsrconsultant.com<\/a><\/span><\/li><li><strong>Tel\u00e9fono m\u00f3vil:<\/strong>\u00a0+34 638 380 269<br \/><br \/><\/li><\/ul><p><strong>Finalidad del Tratamiento de los Datos<\/strong><br \/>Los datos personales que los usuarios puedan proporcionar a trav\u00e9s de este sitio web ser\u00e1n tratados para los siguientes fines:<\/p><ul><li>Gestionar la relaci\u00f3n con los usuarios que se pongan en contacto a trav\u00e9s de los formularios de contacto o email.<\/li><li>Ofrecer los servicios solicitados por los usuarios, y en su caso, realizar el seguimiento y ofrecer la atenci\u00f3n personalizada.<\/li><li>Cumplir con las obligaciones legales que correspondan al titular de la web.<br \/><br \/><\/li><\/ul><p><strong>Legitimaci\u00f3n para el Tratamiento de Datos<\/strong><br \/>El tratamiento de los datos personales se basa en el consentimiento del usuario, que se proporciona al completar los formularios de contacto, suscribirse a boletines o al realizar alguna consulta a trav\u00e9s de la web.<br \/>El usuario puede retirar su consentimiento en cualquier momento, sin que ello afecte a la licitud del tratamiento realizado antes de la retirada.<\/p><p><strong>Categor\u00edas de Datos Personales<\/strong><br \/>Las categor\u00edas de datos que se recogen son:<\/p><ul><li>Datos identificativos: nombre, apellidos, direcci\u00f3n de correo electr\u00f3nico.<\/li><li>Datos de contacto: n\u00famero de tel\u00e9fono.<\/li><li>Otros datos que el usuario pueda proporcionar de manera voluntaria a trav\u00e9s de los formularios o en la comunicaci\u00f3n con nosotros.<br \/><br \/><\/li><\/ul><p><strong>Destinatarios de los Datos Personales<\/strong><br \/>Los datos personales proporcionados por los usuarios no ser\u00e1n cedidos a terceros, salvo que sea necesario para cumplir con una obligaci\u00f3n legal o para gestionar los servicios solicitados. En ning\u00fan caso se realizar\u00e1n transferencias internacionales de datos.<\/p><p><strong>Derechos del Usuario<\/strong><br \/>El usuario puede ejercer los siguientes derechos en relaci\u00f3n con sus datos personales:<\/p><ul><li><strong>Acceso:<\/strong>\u00a0Obtener confirmaci\u00f3n sobre si estamos tratando sus datos personales y acceder a los mismos.<\/li><li><strong>Rectificaci\u00f3n:<\/strong>\u00a0Solicitar la correcci\u00f3n de los datos personales inexactos o la actualizaci\u00f3n de los mismos.<\/li><li><strong>Supresi\u00f3n:<\/strong>\u00a0Solicitar la eliminaci\u00f3n de sus datos personales cuando ya no sean necesarios para los fines para los cuales fueron recogidos.<\/li><li><strong>Oposici\u00f3n:<\/strong>\u00a0Oponerse al tratamiento de sus datos personales por motivos relacionados con su situaci\u00f3n particular.<\/li><li><strong>Portabilidad:<\/strong>\u00a0Solicitar la transferencia de sus datos a otro responsable del tratamiento, en formato estructurado y legible.<\/li><li><strong>Limitaci\u00f3n:<\/strong>\u00a0Solicitar la limitaci\u00f3n del tratamiento de sus datos en determinadas circunstancias.<br \/>Para ejercer estos derechos, el usuario puede enviar un correo electr\u00f3nico a la direcci\u00f3n indicada anteriormente o dirigirse por escrito a la direcci\u00f3n postal mencionada.<br \/><br \/><\/li><\/ul><p><strong>Plazo de Conservaci\u00f3n de los Datos<\/strong><br \/>Los datos personales ser\u00e1n conservados durante el tiempo necesario para cumplir con la finalidad para la cual fueron recogidos y mientras no se solicite su supresi\u00f3n.<\/p><p><strong>Medidas de Seguridad<\/strong><br \/>El titular del sitio web se compromete a adoptar las medidas de seguridad necesarias para proteger los datos personales de los usuarios, de acuerdo con la legislaci\u00f3n aplicable en materia de protecci\u00f3n de datos.<\/p><p><strong>Modificaci\u00f3n de la Pol\u00edtica de Privacidad<\/strong><br \/>Este aviso de privacidad puede modificarse en cualquier momento, en funci\u00f3n de la legislaci\u00f3n aplicable, cambios en el tratamiento de los datos o decisiones del responsable. Cualquier cambio ser\u00e1 publicado en esta p\u00e1gina y, si es necesario, se notificar\u00e1 a los usuarios.<\/p><p><strong>Contacto<\/strong><br \/>Si tienes alguna pregunta sobre c\u00f3mo tratamos tus datos personales o deseas ejercer cualquiera de tus derechos, puedes ponerte en contacto con nosotros a trav\u00e9s de la direcci\u00f3n de correo electr\u00f3nico\u00a0<span style=\"color: #ff914c;\"><a style=\"color: #ff914c;\" href=\"mailto:qsrconsultant@qsrconsultant.com\">qsrconsultant@qsrconsultant.com<\/a>.<\/span><\/p><p>\u00daltima actualizaci\u00f3n: 26\/11\/2024<\/p>\t\t\t\t\t\t\t\t<\/div>\n\t\t\t\t<\/div>\n\t\t\t\t\t<\/div>\n\t\t\t\t<\/div>\n\t\t\t\t<\/div>\n\t\t","protected":false},"excerpt":{"rendered":"<p>Pol\u00edtica de privacidad Responsable del Tratamiento de DatosEl responsable del tratamiento de los datos personales que se recogen a trav\u00e9s de este sitio web es: Titular:\u00a0Thierry Rousset NIF:\u00a0X4071629P Correo electr\u00f3nico:\u00a0qsrconsultant@qsrconsultant.com Tel\u00e9fono m\u00f3vil:\u00a0+34 638 380 269 Finalidad del Tratamiento de los DatosLos datos personales que los usuarios puedan proporcionar a trav\u00e9s de este sitio web ser\u00e1n tratados para los siguientes fines: Gestionar la relaci\u00f3n con los usuarios que se pongan en contacto a trav\u00e9s de los formularios de contacto o email. Ofrecer los servicios solicitados por los usuarios, y en su caso, realizar el seguimiento y ofrecer la atenci\u00f3n personalizada. Cumplir con las obligaciones legales que correspondan al titular de la web. Legitimaci\u00f3n para el Tratamiento de DatosEl tratamiento de los datos personales se basa en el consentimiento del usuario, que se proporciona al completar los formularios de contacto, suscribirse a boletines o al realizar alguna consulta a trav\u00e9s de la web.El usuario puede retirar su consentimiento en cualquier momento, sin que ello afecte a la licitud del tratamiento realizado antes de la retirada. Categor\u00edas de Datos PersonalesLas categor\u00edas de datos que se recogen son: Datos identificativos: nombre, apellidos, direcci\u00f3n de correo electr\u00f3nico. Datos de contacto: n\u00famero de tel\u00e9fono. Otros datos que el usuario pueda proporcionar de manera voluntaria a trav\u00e9s de los formularios o en la comunicaci\u00f3n con nosotros. Destinatarios de los Datos PersonalesLos datos personales proporcionados por los usuarios no ser\u00e1n cedidos a terceros, salvo que sea necesario para cumplir con una obligaci\u00f3n legal o para gestionar los servicios solicitados. En ning\u00fan caso se realizar\u00e1n transferencias internacionales de datos. Derechos del UsuarioEl usuario puede ejercer los siguientes derechos en relaci\u00f3n con sus datos personales: Acceso:\u00a0Obtener confirmaci\u00f3n sobre si estamos tratando sus datos personales y acceder a los mismos. Rectificaci\u00f3n:\u00a0Solicitar la correcci\u00f3n de los datos personales inexactos o la actualizaci\u00f3n de los mismos. Supresi\u00f3n:\u00a0Solicitar la eliminaci\u00f3n de sus datos personales cuando ya no sean necesarios para los fines para los cuales fueron recogidos. Oposici\u00f3n:\u00a0Oponerse al tratamiento de sus datos personales por motivos relacionados con su situaci\u00f3n particular. Portabilidad:\u00a0Solicitar la transferencia de sus datos a otro responsable del tratamiento, en formato estructurado y legible. Limitaci\u00f3n:\u00a0Solicitar la limitaci\u00f3n del tratamiento de sus datos en determinadas circunstancias.Para ejercer estos derechos, el usuario puede enviar un correo electr\u00f3nico a la direcci\u00f3n indicada anteriormente o dirigirse por escrito a la direcci\u00f3n postal mencionada. Plazo de Conservaci\u00f3n de los DatosLos datos personales ser\u00e1n conservados durante el tiempo necesario para cumplir con la finalidad para la cual fueron recogidos y mientras no se solicite su supresi\u00f3n. Medidas de SeguridadEl titular del sitio web se compromete a adoptar las medidas de seguridad necesarias para proteger los datos personales de los usuarios, de acuerdo con la legislaci\u00f3n aplicable en materia de protecci\u00f3n de datos. Modificaci\u00f3n de la Pol\u00edtica de PrivacidadEste aviso de privacidad puede modificarse en cualquier momento, en funci\u00f3n de la legislaci\u00f3n aplicable, cambios en el tratamiento de los datos o decisiones del responsable. Cualquier cambio ser\u00e1 publicado en esta p\u00e1gina y, si es necesario, se notificar\u00e1 a los usuarios. ContactoSi tienes alguna pregunta sobre c\u00f3mo tratamos tus datos personales o deseas ejercer cualquiera de tus derechos, puedes ponerte en contacto con nosotros a trav\u00e9s de la direcci\u00f3n de correo electr\u00f3nico\u00a0qsrconsultant@qsrconsultant.com. \u00daltima actualizaci\u00f3n: 26\/11\/2024<\/p>\n","protected":false},"author":1,"featured_media":0,"parent":0,"menu_order":0,"comment_status":"closed","ping_status":"closed","template":"","meta":{"content-type":"","footnotes":""},"class_list":["post-1785","page","type-page","status-publish","hentry"],"aioseo_notices":[],"_links":{"self":[{"href":"https:\/\/qsrconsultant.com\/es_es\/wp-json\/wp\/v2\/pages\/1785","targetHints":{"allow":["GET"]}}],"collection":[{"href":"https:\/\/qsrconsultant.com\/es_es\/wp-json\/wp\/v2\/pages"}],"about":[{"href":"https:\/\/qsrconsultant.com\/es_es\/wp-json\/wp\/v2\/types\/page"}],"author":[{"embeddable":true,"href":"https:\/\/qsrconsultant.com\/es_es\/wp-json\/wp\/v2\/users\/1"}],"replies":[{"embeddable":true,"href":"https:\/\/qsrconsultant.com\/es_es\/wp-json\/wp\/v2\/comments?post=1785"}],"version-history":[{"count":9,"href":"https:\/\/qsrconsultant.com\/es_es\/wp-json\/wp\/v2\/pages\/1785\/revisions"}],"predecessor-version":[{"id":1794,"href":"https:\/\/qsrconsultant.com\/es_es\/wp-json\/wp\/v2\/pages\/1785\/revisions\/1794"}],"wp:attachment":[{"href":"https:\/\/qsrconsultant.com\/es_es\/wp-json\/wp\/v2\/media?parent=1785"}],"curies":[{"name":"wp","href":"https:\/\/api.w.org\/{rel}","templated":true}]}}