{"id":677,"date":"2025-03-22T16:37:52","date_gmt":"2025-03-22T16:37:52","guid":{"rendered":"https:\/\/lightcyan-boar-669452.hostingersite.com\/?page_id=677"},"modified":"2025-07-13T17:51:42","modified_gmt":"2025-07-13T17:51:42","slug":"proyectos","status":"publish","type":"page","link":"https:\/\/qsrconsultant.com\/es_es\/proyectos\/","title":{"rendered":"Proyectos"},"content":{"rendered":"\t\t<div data-elementor-type=\"wp-page\" data-elementor-id=\"677\" class=\"elementor elementor-677\" data-elementor-post-type=\"page\">\n\t\t\t\t\t\t<section class=\"elementor-section elementor-top-section elementor-element elementor-element-8a7ff0f elementor-section-content-middle elementor-section-height-min-height elementor-section-boxed elementor-section-height-default elementor-section-items-middle wpr-particle-no wpr-jarallax-no wpr-parallax-no wpr-sticky-section-no wpr-equal-height-no\" data-id=\"8a7ff0f\" data-element_type=\"section\" data-e-type=\"section\" data-settings=\"{&quot;background_background&quot;:&quot;classic&quot;}\">\n\t\t\t\t\t\t\t<div class=\"elementor-background-overlay\"><\/div>\n\t\t\t\t\t\t\t<div class=\"elementor-container elementor-column-gap-wide\">\n\t\t\t\t\t<div class=\"elementor-column elementor-col-100 elementor-top-column elementor-element elementor-element-302e48a elementor-invisible\" data-id=\"302e48a\" data-element_type=\"column\" data-e-type=\"column\" data-settings=\"{&quot;animation&quot;:&quot;fadeInUp&quot;}\">\n\t\t\t<div class=\"elementor-widget-wrap elementor-element-populated\">\n\t\t\t\t\t\t<div class=\"elementor-element elementor-element-853c5c7 elementor-invisible elementor-widget elementor-widget-heading\" data-id=\"853c5c7\" data-element_type=\"widget\" data-e-type=\"widget\" data-settings=\"{&quot;_animation&quot;:&quot;fadeIn&quot;,&quot;_animation_delay&quot;:100}\" data-widget_type=\"heading.default\">\n\t\t\t\t<div class=\"elementor-widget-container\">\n\t\t\t\t\t<h2 class=\"elementor-heading-title elementor-size-default\">Proyectos<\/h2>\t\t\t\t<\/div>\n\t\t\t\t<\/div>\n\t\t\t\t<div class=\"elementor-element elementor-element-7de2939 elementor-invisible elementor-widget elementor-widget-heading\" data-id=\"7de2939\" data-element_type=\"widget\" data-e-type=\"widget\" data-settings=\"{&quot;_animation&quot;:&quot;fadeIn&quot;,&quot;_animation_delay&quot;:50}\" data-widget_type=\"heading.default\">\n\t\t\t\t<div class=\"elementor-widget-container\">\n\t\t\t\t\t<h2 class=\"elementor-heading-title elementor-size-default\">Realizados o en Curso<\/h2>\t\t\t\t<\/div>\n\t\t\t\t<\/div>\n\t\t\t\t<div class=\"elementor-element elementor-element-9c0822c elementor-widget-divider--view-line elementor-invisible elementor-widget elementor-widget-divider\" data-id=\"9c0822c\" data-element_type=\"widget\" data-e-type=\"widget\" data-settings=\"{&quot;_animation&quot;:&quot;fadeIn&quot;}\" data-widget_type=\"divider.default\">\n\t\t\t\t<div class=\"elementor-widget-container\">\n\t\t\t\t\t\t\t<div class=\"elementor-divider\">\n\t\t\t<span class=\"elementor-divider-separator\">\n\t\t\t\t\t\t<\/span>\n\t\t<\/div>\n\t\t\t\t\t\t<\/div>\n\t\t\t\t<\/div>\n\t\t\t\t\t<\/div>\n\t\t<\/div>\n\t\t\t\t\t<\/div>\n\t\t<\/section>\n\t\t<div class=\"elementor-element elementor-element-1df0bea e-flex e-con-boxed wpr-particle-no wpr-jarallax-no wpr-parallax-no wpr-sticky-section-no wpr-equal-height-no e-con e-parent\" data-id=\"1df0bea\" data-element_type=\"container\" data-e-type=\"container\">\n\t\t\t\t\t<div class=\"e-con-inner\">\n\t\t<div class=\"elementor-element elementor-element-ead010c e-con-full e-flex wpr-particle-no wpr-jarallax-no wpr-parallax-no wpr-sticky-section-no wpr-equal-height-no elementor-invisible e-con e-child\" data-id=\"ead010c\" data-element_type=\"container\" data-e-type=\"container\" data-settings=\"{&quot;background_background&quot;:&quot;classic&quot;,&quot;animation&quot;:&quot;fadeInLeft&quot;}\">\n\t\t\t\t<div class=\"elementor-element elementor-element-d510dd9 elementor-widget elementor-widget-heading\" data-id=\"d510dd9\" data-element_type=\"widget\" data-e-type=\"widget\" data-widget_type=\"heading.default\">\n\t\t\t\t<div class=\"elementor-widget-container\">\n\t\t\t\t\t<h2 class=\"elementor-heading-title elementor-size-default\">Preparaci\u00f3n a la franquicia<\/h2>\t\t\t\t<\/div>\n\t\t\t\t<\/div>\n\t\t\t\t<div class=\"elementor-element elementor-element-673f584 elementor-widget elementor-widget-text-editor\" data-id=\"673f584\" data-element_type=\"widget\" data-e-type=\"widget\" data-widget_type=\"text-editor.default\">\n\t\t\t\t<div class=\"elementor-widget-container\">\n\t\t\t\t\t\t\t\t\t<h5>\u00a1Porque lo que se franquicia es un concepto, no una idea!<strong><br \/><\/strong><\/h5><p>Hemos acompa\u00f1ado varias marcas desde su inicio con 1 o 2 locales, creando todo lo necesario para que puedan empezar a desarrollarse a traves de la franquicia:<\/p><ol><li>Definici\u00f3n del modelo de negocio.<\/li><li>Comprobaci\u00f3n de su compatibilidad para franquiciar.<\/li><li>Estrategia de desarrollo.<\/li><li>Manuales.<\/li><li>Documentos legales (contratos, documento de informaci\u00f3n precontractual, acuerdos de desarrollo, etc.).<\/li><\/ol>\t\t\t\t\t\t\t\t<\/div>\n\t\t\t\t<\/div>\n\t\t\t\t<\/div>\n\t\t<div class=\"elementor-element elementor-element-8f11455 e-con-full e-flex wpr-particle-no wpr-jarallax-no wpr-parallax-no wpr-sticky-section-no wpr-equal-height-no elementor-invisible e-con e-child\" data-id=\"8f11455\" data-element_type=\"container\" data-e-type=\"container\" data-settings=\"{&quot;background_background&quot;:&quot;classic&quot;,&quot;animation&quot;:&quot;fadeInRight&quot;}\">\n\t\t\t\t<div class=\"elementor-element elementor-element-e3a6823 elementor-widget elementor-widget-heading\" data-id=\"e3a6823\" data-element_type=\"widget\" data-e-type=\"widget\" data-widget_type=\"heading.default\">\n\t\t\t\t<div class=\"elementor-widget-container\">\n\t\t\t\t\t<h2 class=\"elementor-heading-title elementor-size-default\">Expansi\u00f3n Internacional<\/h2>\t\t\t\t<\/div>\n\t\t\t\t<\/div>\n\t\t\t\t<div class=\"elementor-element elementor-element-a6531f9 elementor-widget elementor-widget-text-editor\" data-id=\"a6531f9\" data-element_type=\"widget\" data-e-type=\"widget\" data-widget_type=\"text-editor.default\">\n\t\t\t\t<div class=\"elementor-widget-container\">\n\t\t\t\t\t\t\t\t\t<h5>Metodologia propia<\/h5><p>Hemos realizado y ejecutado estrategias de desarrollo internacional para varios clientes definiendo para ellos:<\/p><ol><li>D\u00f3nde ir primero<\/li><li>C\u00f3mo establecer objetivos de desarrollo<\/li><li>Qu\u00e9 estructura crear para acompa\u00f1ar el desarrollo internacional<\/li><li>Qu\u00e9 modelo de negocio utilizar<\/li><li>C\u00f3mo solucionar los problemas de Supply Chain<\/li><\/ol>\t\t\t\t\t\t\t\t<\/div>\n\t\t\t\t<\/div>\n\t\t\t\t<\/div>\n\t\t\t\t\t<\/div>\n\t\t\t\t<\/div>\n\t\t<div class=\"elementor-element elementor-element-fa439fc e-flex e-con-boxed wpr-particle-no wpr-jarallax-no wpr-parallax-no wpr-sticky-section-no wpr-equal-height-no e-con e-parent\" data-id=\"fa439fc\" data-element_type=\"container\" data-e-type=\"container\">\n\t\t\t\t\t<div class=\"e-con-inner\">\n\t\t<div class=\"elementor-element elementor-element-0c8b0a0 e-con-full e-flex wpr-particle-no wpr-jarallax-no wpr-parallax-no wpr-sticky-section-no wpr-equal-height-no elementor-invisible e-con e-child\" data-id=\"0c8b0a0\" data-element_type=\"container\" data-e-type=\"container\" data-settings=\"{&quot;background_background&quot;:&quot;classic&quot;,&quot;animation&quot;:&quot;fadeInLeft&quot;}\">\n\t\t\t\t<div class=\"elementor-element elementor-element-e073d02 elementor-widget elementor-widget-heading\" data-id=\"e073d02\" data-element_type=\"widget\" data-e-type=\"widget\" data-widget_type=\"heading.default\">\n\t\t\t\t<div class=\"elementor-widget-container\">\n\t\t\t\t\t<h2 class=\"elementor-heading-title elementor-size-default\">Formaci\u00f3n<\/h2>\t\t\t\t<\/div>\n\t\t\t\t<\/div>\n\t\t\t\t<div class=\"elementor-element elementor-element-07742dd elementor-widget elementor-widget-text-editor\" data-id=\"07742dd\" data-element_type=\"widget\" data-e-type=\"widget\" data-widget_type=\"text-editor.default\">\n\t\t\t\t<div class=\"elementor-widget-container\">\n\t\t\t\t\t\t\t\t\t<h5>\u00a1Siempre se aprende!<\/h5><p>\u00a1Circulan muchas ideas falsas alrededor de la franquicia e incluso a mucha gente que lleva a\u00f1os trabajando en el sector les costar\u00eda explicar lo que define una franquicia!<\/p><p>Damos conferencias sobre los principios de la franquicia:<\/p><ol><li>\u00bfDe d\u00f3nde viene?<\/li><li>\u00bfPara que sirve?<\/li><li>\u00bfC\u00f3mo funciona?<\/li><\/ol><p>En el marco de nuestra collaboraci\u00f3n con el Ministerio de Comercio de los Estados Unidos de Am\u00e9rica, hemos formado grupos de inversores, banqueros y oficiales de distintos gobiernos en dichos conceptos.<\/p>\t\t\t\t\t\t\t\t<\/div>\n\t\t\t\t<\/div>\n\t\t\t\t<\/div>\n\t\t<div class=\"elementor-element elementor-element-97ad6ae e-con-full e-flex wpr-particle-no wpr-jarallax-no wpr-parallax-no wpr-sticky-section-no wpr-equal-height-no elementor-invisible e-con e-child\" data-id=\"97ad6ae\" data-element_type=\"container\" data-e-type=\"container\" data-settings=\"{&quot;background_background&quot;:&quot;classic&quot;,&quot;animation&quot;:&quot;fadeInRight&quot;}\">\n\t\t\t\t<div class=\"elementor-element elementor-element-f40618c elementor-widget elementor-widget-heading\" data-id=\"f40618c\" data-element_type=\"widget\" data-e-type=\"widget\" data-widget_type=\"heading.default\">\n\t\t\t\t<div class=\"elementor-widget-container\">\n\t\t\t\t\t<h2 class=\"elementor-heading-title elementor-size-default\">Modelizaci\u00f3n de Potencial<\/h2>\t\t\t\t<\/div>\n\t\t\t\t<\/div>\n\t\t\t\t<div class=\"elementor-element elementor-element-91ba03e elementor-widget elementor-widget-text-editor\" data-id=\"91ba03e\" data-element_type=\"widget\" data-e-type=\"widget\" data-widget_type=\"text-editor.default\">\n\t\t\t\t<div class=\"elementor-widget-container\">\n\t\t\t\t\t\t\t\t\t<h5>Eval\u00faa el \u00c9xito en Mercados Clave<\/h5><p>Hemos creado una herramienta de modelizaci\u00f3n para calcular con precisi\u00f3n el potencial de cada marca en los principales pa\u00edses del mundo.<\/p>\t\t\t\t\t\t\t\t<\/div>\n\t\t\t\t<\/div>\n\t\t\t\t<\/div>\n\t\t\t\t\t<\/div>\n\t\t\t\t<\/div>\n\t\t<div class=\"elementor-element elementor-element-5fffea9 e-flex e-con-boxed wpr-particle-no wpr-jarallax-no wpr-parallax-no wpr-sticky-section-no wpr-equal-height-no e-con e-parent\" data-id=\"5fffea9\" data-element_type=\"container\" data-e-type=\"container\">\n\t\t\t\t\t<div class=\"e-con-inner\">\n\t\t<div class=\"elementor-element elementor-element-1dbe218 e-con-full e-flex wpr-particle-no wpr-jarallax-no wpr-parallax-no wpr-sticky-section-no wpr-equal-height-no elementor-invisible e-con e-child\" data-id=\"1dbe218\" data-element_type=\"container\" data-e-type=\"container\" data-settings=\"{&quot;background_background&quot;:&quot;classic&quot;,&quot;animation&quot;:&quot;fadeInLeft&quot;}\">\n\t\t\t\t<div class=\"elementor-element elementor-element-08e1a49 elementor-widget elementor-widget-heading\" data-id=\"08e1a49\" data-element_type=\"widget\" data-e-type=\"widget\" data-widget_type=\"heading.default\">\n\t\t\t\t<div class=\"elementor-widget-container\">\n\t\t\t\t\t<h2 class=\"elementor-heading-title elementor-size-default\">\nEstrategias de Desarrollo Internacional<\/h2>\t\t\t\t<\/div>\n\t\t\t\t<\/div>\n\t\t\t\t<div class=\"elementor-element elementor-element-cd56f5b elementor-widget elementor-widget-text-editor\" data-id=\"cd56f5b\" data-element_type=\"widget\" data-e-type=\"widget\" data-widget_type=\"text-editor.default\">\n\t\t\t\t<div class=\"elementor-widget-container\">\n\t\t\t\t\t\t\t\t\t<h5>Impulsando Cadenas de Restaurantes en Nuevos Mercados<\/h5><p>Hemos elaborado estrategias de desarrollo internacional para varias cadenas de restaurantes.<\/p>\t\t\t\t\t\t\t\t<\/div>\n\t\t\t\t<\/div>\n\t\t\t\t<\/div>\n\t\t<div class=\"elementor-element elementor-element-9d6f2ab e-con-full e-flex wpr-particle-no wpr-jarallax-no wpr-parallax-no wpr-sticky-section-no wpr-equal-height-no elementor-invisible e-con e-child\" data-id=\"9d6f2ab\" data-element_type=\"container\" data-e-type=\"container\" data-settings=\"{&quot;background_background&quot;:&quot;classic&quot;,&quot;animation&quot;:&quot;fadeInRight&quot;}\">\n\t\t\t\t<div class=\"elementor-element elementor-element-9bdfbf9 elementor-widget elementor-widget-heading\" data-id=\"9bdfbf9\" data-element_type=\"widget\" data-e-type=\"widget\" data-widget_type=\"heading.default\">\n\t\t\t\t<div class=\"elementor-widget-container\">\n\t\t\t\t\t<h2 class=\"elementor-heading-title elementor-size-default\">Manual de Operaciones<\/h2>\t\t\t\t<\/div>\n\t\t\t\t<\/div>\n\t\t\t\t<div class=\"elementor-element elementor-element-2350664 elementor-widget elementor-widget-text-editor\" data-id=\"2350664\" data-element_type=\"widget\" data-e-type=\"widget\" data-widget_type=\"text-editor.default\">\n\t\t\t\t<div class=\"elementor-widget-container\">\n\t\t\t\t\t\t\t\t\t<h5>La Clave del \u00c9xito en tu Franquicia<\/h5><p>El Manual de Operaciones es un elemento clave en todo sistema de franquicia ya que concentra todo el Saber Hacer de la marca.<\/p><p>Elaboramos manuales espec\u00edficos para nuestros clientes.<\/p>\t\t\t\t\t\t\t\t<\/div>\n\t\t\t\t<\/div>\n\t\t\t\t<\/div>\n\t\t\t\t\t<\/div>\n\t\t\t\t<\/div>\n\t\t\t\t<\/div>\n\t\t","protected":false},"excerpt":{"rendered":"<p>Proyectos Realizados o en Curso Preparaci\u00f3n a la franquicia \u00a1Porque lo que se franquicia es un concepto, no una idea! Hemos acompa\u00f1ado varias marcas desde su inicio con 1 o 2 locales, creando todo lo necesario para que puedan empezar a desarrollarse a traves de la franquicia: Definici\u00f3n del modelo de negocio. Comprobaci\u00f3n de su compatibilidad para franquiciar. Estrategia de desarrollo. Manuales. Documentos legales (contratos, documento de informaci\u00f3n precontractual, acuerdos de desarrollo, etc.). Expansi\u00f3n Internacional Metodologia propia Hemos realizado y ejecutado estrategias de desarrollo internacional para varios clientes definiendo para ellos: D\u00f3nde ir primero C\u00f3mo establecer objetivos de desarrollo Qu\u00e9 estructura crear para acompa\u00f1ar el desarrollo internacional Qu\u00e9 modelo de negocio utilizar C\u00f3mo solucionar los problemas de Supply Chain Formaci\u00f3n \u00a1Siempre se aprende! \u00a1Circulan muchas ideas falsas alrededor de la franquicia e incluso a mucha gente que lleva a\u00f1os trabajando en el sector les costar\u00eda explicar lo que define una franquicia! Damos conferencias sobre los principios de la franquicia: \u00bfDe d\u00f3nde viene? \u00bfPara que sirve? \u00bfC\u00f3mo funciona? En el marco de nuestra collaboraci\u00f3n con el Ministerio de Comercio de los Estados Unidos de Am\u00e9rica, hemos formado grupos de inversores, banqueros y oficiales de distintos gobiernos en dichos conceptos. Modelizaci\u00f3n de Potencial Eval\u00faa el \u00c9xito en Mercados Clave Hemos creado una herramienta de modelizaci\u00f3n para calcular con precisi\u00f3n el potencial de cada marca en los principales pa\u00edses del mundo. Estrategias de Desarrollo Internacional Impulsando Cadenas de Restaurantes en Nuevos Mercados Hemos elaborado estrategias de desarrollo internacional para varias cadenas de restaurantes. Manual de Operaciones La Clave del \u00c9xito en tu Franquicia El Manual de Operaciones es un elemento clave en todo sistema de franquicia ya que concentra todo el Saber Hacer de la marca. Elaboramos manuales espec\u00edficos para nuestros clientes.<\/p>\n","protected":false},"author":1,"featured_media":0,"parent":0,"menu_order":0,"comment_status":"closed","ping_status":"closed","template":"elementor_header_footer","meta":{"content-type":"","footnotes":""},"class_list":["post-677","page","type-page","status-publish","hentry"],"aioseo_notices":[],"_links":{"self":[{"href":"https:\/\/qsrconsultant.com\/es_es\/wp-json\/wp\/v2\/pages\/677","targetHints":{"allow":["GET"]}}],"collection":[{"href":"https:\/\/qsrconsultant.com\/es_es\/wp-json\/wp\/v2\/pages"}],"about":[{"href":"https:\/\/qsrconsultant.com\/es_es\/wp-json\/wp\/v2\/types\/page"}],"author":[{"embeddable":true,"href":"https:\/\/qsrconsultant.com\/es_es\/wp-json\/wp\/v2\/users\/1"}],"replies":[{"embeddable":true,"href":"https:\/\/qsrconsultant.com\/es_es\/wp-json\/wp\/v2\/comments?post=677"}],"version-history":[{"count":73,"href":"https:\/\/qsrconsultant.com\/es_es\/wp-json\/wp\/v2\/pages\/677\/revisions"}],"predecessor-version":[{"id":1524,"href":"https:\/\/qsrconsultant.com\/es_es\/wp-json\/wp\/v2\/pages\/677\/revisions\/1524"}],"wp:attachment":[{"href":"https:\/\/qsrconsultant.com\/es_es\/wp-json\/wp\/v2\/media?parent=677"}],"curies":[{"name":"wp","href":"https:\/\/api.w.org\/{rel}","templated":true}]}}