{"id":1617,"date":"2025-03-30T19:18:44","date_gmt":"2025-03-30T19:18:44","guid":{"rendered":"https:\/\/lightcyan-boar-669452.hostingersite.com\/?page_id=1617"},"modified":"2025-04-18T13:56:02","modified_gmt":"2025-04-18T13:56:02","slug":"rosa-carvalho","status":"publish","type":"page","link":"https:\/\/qsrconsultant.com\/fr\/rosa-carvalho\/","title":{"rendered":"Rosa Carvalho"},"content":{"rendered":"<div data-elementor-type=\"wp-page\" data-elementor-id=\"1617\" class=\"elementor elementor-1617\" data-elementor-post-type=\"page\">\n\t\t\t\t\t\t<section class=\"elementor-section elementor-top-section elementor-element elementor-element-6d40a450 elementor-section-content-middle elementor-section-boxed elementor-section-height-default elementor-section-height-default wpr-particle-no wpr-jarallax-no wpr-parallax-no wpr-sticky-section-no wpr-equal-height-no\" data-id=\"6d40a450\" data-element_type=\"section\" data-e-type=\"section\" data-settings=\"{&quot;background_background&quot;:&quot;classic&quot;}\">\n\t\t\t\t\t\t<div class=\"elementor-container elementor-column-gap-wide\">\n\t\t\t\t\t<div class=\"elementor-column elementor-col-50 elementor-top-column elementor-element elementor-element-7a793c7e\" data-id=\"7a793c7e\" data-element_type=\"column\" data-e-type=\"column\" data-settings=\"{&quot;background_background&quot;:&quot;classic&quot;}\">\n\t\t\t<div class=\"elementor-widget-wrap elementor-element-populated\">\n\t\t\t\t\t\t<div class=\"elementor-element elementor-element-569a2f4 elementor-widget elementor-widget-image\" data-id=\"569a2f4\" data-element_type=\"widget\" data-e-type=\"widget\" data-widget_type=\"image.default\">\n\t\t\t\t<div class=\"elementor-widget-container\">\n\t\t\t\t\t\t\t\t\t\t\t\t\t\t\t<img fetchpriority=\"high\" decoding=\"async\" width=\"300\" height=\"300\" src=\"https:\/\/qsrconsultant.com\/wp-content\/uploads\/2025\/03\/1709135996499-300x300.jpeg\" class=\"attachment-medium size-medium wp-image-1621\" alt=\"\" srcset=\"https:\/\/qsrconsultant.com\/wp-content\/uploads\/2025\/03\/1709135996499-300x300.jpeg 300w, https:\/\/qsrconsultant.com\/wp-content\/uploads\/2025\/03\/1709135996499-150x150.jpeg 150w, https:\/\/qsrconsultant.com\/wp-content\/uploads\/2025\/03\/1709135996499-12x12.jpeg 12w, https:\/\/qsrconsultant.com\/wp-content\/uploads\/2025\/03\/1709135996499.jpeg 730w\" sizes=\"(max-width: 300px) 100vw, 300px\" \/>\t\t\t\t\t\t\t\t\t\t\t\t\t\t\t<\/div>\n\t\t\t\t<\/div>\n\t\t\t\t\t<\/div>\n\t\t<\/div>\n\t\t\t\t<div class=\"elementor-column elementor-col-50 elementor-top-column elementor-element elementor-element-1002530d\" data-id=\"1002530d\" data-element_type=\"column\" data-e-type=\"column\">\n\t\t\t<div class=\"elementor-widget-wrap elementor-element-populated\">\n\t\t\t\t\t\t<div class=\"elementor-element elementor-element-4881d744 elementor-widget elementor-widget-heading\" data-id=\"4881d744\" data-element_type=\"widget\" data-e-type=\"widget\" data-widget_type=\"heading.default\">\n\t\t\t\t<div class=\"elementor-widget-container\">\n\t\t\t\t\t<h2 class=\"elementor-heading-title elementor-size-xxl\">Rosa Carvalho<\/h2>\t\t\t\t<\/div>\n\t\t\t\t<\/div>\n\t\t\t\t<div class=\"elementor-element elementor-element-2cc2e5d elementor-invisible elementor-widget elementor-widget-heading\" data-id=\"2cc2e5d\" data-element_type=\"widget\" data-e-type=\"widget\" data-settings=\"{&quot;_animation&quot;:&quot;fadeIn&quot;}\" data-widget_type=\"heading.default\">\n\t\t\t\t<div class=\"elementor-widget-container\">\n\t\t\t\t\t<h5 class=\"elementor-heading-title elementor-size-medium\">Consultant senior en marketing et ancien CMO chez Avanza Foods<\/h5>\t\t\t\t<\/div>\n\t\t\t\t<\/div>\n\t\t\t\t<div class=\"elementor-element elementor-element-5322c629 elementor-widget-divider--view-line elementor-invisible elementor-widget elementor-widget-divider\" data-id=\"5322c629\" data-element_type=\"widget\" data-e-type=\"widget\" data-settings=\"{&quot;_animation&quot;:&quot;fadeInUp&quot;}\" data-widget_type=\"divider.default\">\n\t\t\t\t<div class=\"elementor-widget-container\">\n\t\t\t\t\t\t\t<div class=\"elementor-divider\">\n\t\t\t<span class=\"elementor-divider-separator\">\n\t\t\t\t\t\t<\/span>\n\t\t<\/div>\n\t\t\t\t\t\t<\/div>\n\t\t\t\t<\/div>\n\t\t\t\t<div class=\"elementor-element elementor-element-2be9714b elementor-widget elementor-widget-text-editor\" data-id=\"2be9714b\" data-element_type=\"widget\" data-e-type=\"widget\" data-widget_type=\"text-editor.default\">\n\t\t\t\t<div class=\"elementor-widget-container\">\n\t\t\t\t\t\t\t\t\t<p>Professionnel exp\u00e9riment\u00e9 du marketing, dot\u00e9 d'un profil international et d'un large \u00e9ventail de comp\u00e9tences applicables \u00e0 diff\u00e9rents secteurs et fonctions.<\/p><p>Profil marketing holistique, de la strat\u00e9gie \u00e0 l'ex\u00e9cution, marketing num\u00e9rique, strat\u00e9gie de marque et conseil en marketing dans des organisations B2C et B2B. Vous avez d\u00e9montr\u00e9 votre capacit\u00e9 \u00e0 \u00e9laborer et \u00e0 mettre en \u0153uvre des strat\u00e9gies et des campagnes de marketing r\u00e9ussies afin de promouvoir les marques, d'augmenter les ventes et la fid\u00e9lisation. Orient\u00e9 client et ax\u00e9 sur le commerce, vous \u00eates un leader pratique, d\u00e9termin\u00e9 \u00e0 obtenir des r\u00e9sultats et \u00e0 d\u00e9velopper les personnes.<\/p><p>Expert en strat\u00e9gie de marque, il a d\u00e9velopp\u00e9, lanc\u00e9 et d\u00e9velopp\u00e9 des marques dans divers secteurs et march\u00e9s europ\u00e9ens, depuis le concept, le positionnement, le message et l'identit\u00e9 visuelle jusqu'\u00e0 la strat\u00e9gie de mise sur le march\u00e9 et l'ex\u00e9cution.<\/p><p>Capacit\u00e9 av\u00e9r\u00e9e \u00e0 s'adapter rapidement \u00e0 des environnements nouveaux et dynamiques. Solides comp\u00e9tences interpersonnelles et de communication \u00e0 tous les niveaux de l'organisation et avec des \u00e9quipes multiculturelles et interfonctionnelles. D\u00e9vou\u00e9 \u00e0 l'apprentissage continu et \u00e0 l'optimisation des processus, vous \u00eates un professionnel flexible, r\u00e9silient et tenace.<\/p><p>Dipl\u00f4m\u00e9e d'un MBA, sp\u00e9cialis\u00e9e en strat\u00e9gie dans des environnements dynamiques, avec une formation et une exp\u00e9rience approfondies en marketing et en marketing num\u00e9rique.<\/p>\t\t\t\t\t\t\t\t<\/div>\n\t\t\t\t<\/div>\n\t\t\t\t<div class=\"elementor-element elementor-element-17fcdf0 elementor-shape-square e-grid-align-left elementor-grid-0 elementor-widget elementor-widget-social-icons\" data-id=\"17fcdf0\" data-element_type=\"widget\" data-e-type=\"widget\" data-widget_type=\"social-icons.default\">\n\t\t\t\t<div class=\"elementor-widget-container\">\n\t\t\t\t\t\t\t<div class=\"elementor-social-icons-wrapper elementor-grid\">\n\t\t\t\t\t\t\t<span class=\"elementor-grid-item\">\n\t\t\t\t\t<a class=\"elementor-icon elementor-social-icon elementor-social-icon-linkedin elementor-animation-float elementor-repeater-item-fb21e6a\" href=\"https:\/\/www.linkedin.com\/in\/carvalhorosa\/\" target=\"_blank\">\n\t\t\t\t\t\t<span class=\"elementor-screen-only\">Linkedin<\/span>\n\t\t\t\t\t\t<svg aria-hidden=\"true\" class=\"e-font-icon-svg e-fab-linkedin\" viewbox=\"0 0 448 512\" xmlns=\"http:\/\/www.w3.org\/2000\/svg\"><path d=\"M416 32H31.9C14.3 32 0 46.5 0 64.3v383.4C0 465.5 14.3 480 31.9 480H416c17.6 0 32-14.5 32-32.3V64.3c0-17.8-14.4-32.3-32-32.3zM135.4 416H69V202.2h66.5V416zm-33.2-243c-21.3 0-38.5-17.3-38.5-38.5S80.9 96 102.2 96c21.2 0 38.5 17.3 38.5 38.5 0 21.3-17.2 38.5-38.5 38.5zm282.1 243h-66.4V312c0-24.8-.5-56.7-34.5-56.7-34.6 0-39.9 27-39.9 54.9V416h-66.4V202.2h63.7v29.2h.9c8.9-16.8 30.6-34.5 62.9-34.5 67.2 0 79.7 44.3 79.7 101.9V416z\"><\/path><\/svg>\t\t\t\t\t<\/a>\n\t\t\t\t<\/span>\n\t\t\t\t\t<\/div>\n\t\t\t\t\t\t<\/div>\n\t\t\t\t<\/div>\n\t\t\t\t\t<\/div>\n\t\t<\/div>\n\t\t\t\t\t<\/div>\n\t\t<\/section>\n\t\t\t\t<\/div>","protected":false},"excerpt":{"rendered":"<p>Rosa Carvalho Senior Marketing Consultant &#038; Former CMO at Avanza Foods Profesional de marketing con amplia experiencia y un perfil internacional, con un amplio conjunto de habilidades aplicables a diferentes sectores y roles. Perfil de marketing integral, desde la estrategia hasta la ejecuci\u00f3n, marketing digital, branding y consultor\u00eda de marketing en organizaciones B2C y B2B. Capacidad demostrada para desarrollar y ejecutar estrategias y campa\u00f1as de marketing exitosas para impulsar marcas, aumentar las ventas y fidelizar. Orientado al cliente y con enfoque comercial, es un l\u00edder pr\u00e1ctico, comprometido con la obtenci\u00f3n de resultados y el desarrollo de personas. Experto en branding con gran capacidad de adaptaci\u00f3n, ha desarrollado, lanzado y escalado marcas en diversos sectores y mercados europeos, desde el concepto, el posicionamiento, el mensaje y la identidad visual hasta la estrategia de salida al mercado y su ejecuci\u00f3n. Capacidad demostrada para adaptarse r\u00e1pidamente a entornos nuevos y din\u00e1micos. S\u00f3lidas habilidades interpersonales y de comunicaci\u00f3n en todos los niveles de la organizaci\u00f3n y con equipos multiculturales y multifuncionales. Dedicado al aprendizaje continuo y a la optimizaci\u00f3n de procesos, es un profesional flexible, resiliente y tenaz. Graduado en MBA, especializado en estrategia en entornos din\u00e1micos, con amplia formaci\u00f3n y experiencia en marketing y marketing digital. Linkedin<\/p>","protected":false},"author":1,"featured_media":0,"parent":0,"menu_order":0,"comment_status":"closed","ping_status":"closed","template":"elementor_header_footer","meta":{"content-type":"","footnotes":""},"class_list":["post-1617","page","type-page","status-publish","hentry"],"aioseo_notices":[],"_links":{"self":[{"href":"https:\/\/qsrconsultant.com\/fr\/wp-json\/wp\/v2\/pages\/1617","targetHints":{"allow":["GET"]}}],"collection":[{"href":"https:\/\/qsrconsultant.com\/fr\/wp-json\/wp\/v2\/pages"}],"about":[{"href":"https:\/\/qsrconsultant.com\/fr\/wp-json\/wp\/v2\/types\/page"}],"author":[{"embeddable":true,"href":"https:\/\/qsrconsultant.com\/fr\/wp-json\/wp\/v2\/users\/1"}],"replies":[{"embeddable":true,"href":"https:\/\/qsrconsultant.com\/fr\/wp-json\/wp\/v2\/comments?post=1617"}],"version-history":[{"count":18,"href":"https:\/\/qsrconsultant.com\/fr\/wp-json\/wp\/v2\/pages\/1617\/revisions"}],"predecessor-version":[{"id":3131,"href":"https:\/\/qsrconsultant.com\/fr\/wp-json\/wp\/v2\/pages\/1617\/revisions\/3131"}],"wp:attachment":[{"href":"https:\/\/qsrconsultant.com\/fr\/wp-json\/wp\/v2\/media?parent=1617"}],"curies":[{"name":"wp","href":"https:\/\/api.w.org\/{rel}","templated":true}]}}