{"id":1762,"date":"2025-03-30T20:00:52","date_gmt":"2025-03-30T20:00:52","guid":{"rendered":"https:\/\/lightcyan-boar-669452.hostingersite.com\/?page_id=1762"},"modified":"2025-09-14T16:36:50","modified_gmt":"2025-09-14T16:36:50","slug":"avis-juridique-et-politique-de-confidentialite","status":"publish","type":"page","link":"https:\/\/qsrconsultant.com\/fr\/aviso-legal-y-politica-de-privacidad\/","title":{"rendered":"Avis juridique et politique de confidentialit\u00e9"},"content":{"rendered":"<div data-elementor-type=\"wp-page\" data-elementor-id=\"1762\" class=\"elementor elementor-1762\" data-elementor-post-type=\"page\">\n\t\t\t\t<div class=\"elementor-element elementor-element-0cb25c1 e-flex e-con-boxed wpr-particle-no wpr-jarallax-no wpr-parallax-no wpr-sticky-section-no wpr-equal-height-no e-con e-parent\" data-id=\"0cb25c1\" data-element_type=\"container\" data-e-type=\"container\">\n\t\t\t\t\t<div class=\"e-con-inner\">\n\t\t\t\t<div class=\"elementor-element elementor-element-83794fe elementor-widget elementor-widget-heading\" data-id=\"83794fe\" data-element_type=\"widget\" data-e-type=\"widget\" data-widget_type=\"heading.default\">\n\t\t\t\t<div class=\"elementor-widget-container\">\n\t\t\t\t\t<h2 class=\"elementor-heading-title elementor-size-default\">Avis juridique<\/h2>\t\t\t\t<\/div>\n\t\t\t\t<\/div>\n\t\t\t\t<div class=\"elementor-element elementor-element-c3170b7 elementor-widget elementor-widget-text-editor\" data-id=\"c3170b7\" data-element_type=\"widget\" data-e-type=\"widget\" data-widget_type=\"text-editor.default\">\n\t\t\t\t<div class=\"elementor-widget-container\">\n\t\t\t\t\t\t\t\t\t<ul class=\"wp-block-list\"><li><strong>Titre :<\/strong>\u00a0Thierry Rousset<\/li><li><strong>FNI :<\/strong>\u00a0X4071629P<\/li><li><strong>E-mail :<\/strong><span style=\"color: #ff914c;\">\u00a0<a style=\"color: #ff914c;\" href=\"mailto:qsrconsultant@qsrconsultant.com\">qsrconsultant@qsrconsultant.com<\/a><\/span><\/li><li><strong>T\u00e9l\u00e9phone portable :<\/strong>\u00a0+34 638 380 269<\/li><li><strong>Web :<\/strong>\u00a0<span style=\"color: #ff914c;\"><a style=\"color: #ff914c;\" href=\"https:\/\/qsrconsultant.com\/fr\/\">www.qsrconsultant.com<\/a><br \/><br \/><\/span><\/li><\/ul><p><strong>Conditions d'utilisation<\/strong><br \/>L'acc\u00e8s et l'utilisation de ce site web attribue la condition d'utilisateur, ce qui implique l'acceptation totale des pr\u00e9sentes conditions d'utilisation d\u00e8s le moment de l'acc\u00e8s. Si vous n'\u00eates pas d'accord avec l'une de ces conditions, vous devez vous abstenir d'utiliser ce site.<\/p><p><strong>Propri\u00e9t\u00e9 intellectuelle et industrielle<\/strong><br \/>Les contenus, la conception graphique et le code source de ce site Web sont la propri\u00e9t\u00e9 de Thierry Rousset et sont prot\u00e9g\u00e9s par les lois espagnoles et internationales sur la propri\u00e9t\u00e9 intellectuelle et industrielle. Toute reproduction, distribution ou communication publique, totale ou partielle, est interdite sans l'autorisation expresse du propri\u00e9taire.<\/p><p><strong>Responsabilit\u00e9 du contenu<\/strong><br \/>Tous les efforts sont faits pour garantir que le contenu de ce site web est exact et \u00e0 jour. Toutefois, le propri\u00e9taire d\u00e9cline toute responsabilit\u00e9 en cas d'erreurs ou d'omissions dans le contenu ou dans l'utilisation qui peut en \u00eatre faite.<\/p><p><strong>Liens vers des tiers<\/strong><br \/>Le site web peut contenir des liens vers des sites web externes qui rel\u00e8vent de la responsabilit\u00e9 de leurs propri\u00e9taires respectifs. Le propri\u00e9taire de ce site n'est pas responsable du contenu et de l'utilisation de ces sites.<\/p><p><strong>Protection des donn\u00e9es personnelles<\/strong><br \/>Conform\u00e9ment au r\u00e8glement (UE) 2016\/679, R\u00e8glement g\u00e9n\u00e9ral sur la protection des donn\u00e9es (RGPD) et \u00e0 la loi organique 3\/2018, du 5 d\u00e9cembre, sur la protection des donn\u00e9es personnelles et la garantie des droits num\u00e9riques (LOPDGDD), nous vous informons que les donn\u00e9es fournies par le biais de ce site seront trait\u00e9es avec la plus grande confidentialit\u00e9 et uniquement aux fins sp\u00e9cifi\u00e9es. Vous pouvez trouver plus d'informations dans notre\u00a0<span style=\"color: #ff914c;\"><a style=\"color: #ff914c;\" href=\"https:\/\/qsrconsultant.com\/fr\/aviso-legal\/\">Politique de confidentialit\u00e9<\/a>.<\/span><\/p><p><strong>Droit applicable et juridiction<\/strong><br \/>Ces conditions sont r\u00e9gies par la loi espagnole. Pour tout litige pouvant d\u00e9couler de l'acc\u00e8s ou de l'utilisation de ce site web, l'utilisateur et le propri\u00e9taire conviennent de se soumettre aux cours et tribunaux du domicile du propri\u00e9taire, sauf disposition contraire de la loi.<\/p><p>Si vous avez des questions concernant les pr\u00e9sentes mentions l\u00e9gales, vous pouvez nous \u00e9crire \u00e0 l'adresse suivante\u00a0<span style=\"color: #ff914c;\"><a style=\"color: #ff914c;\" href=\"mailto:qsrconsultant@qsrconsultant.com\">qsrconsultant@qsrconsultant.com<\/a>.<\/span><\/p>\t\t\t\t\t\t\t\t<\/div>\n\t\t\t\t<\/div>\n\t\t\t\t\t<\/div>\n\t\t\t\t<\/div>\n\t\t<div class=\"elementor-element elementor-element-1693d96 e-flex e-con-boxed wpr-particle-no wpr-jarallax-no wpr-parallax-no wpr-sticky-section-no wpr-equal-height-no e-con e-parent\" data-id=\"1693d96\" data-element_type=\"container\" data-e-type=\"container\">\n\t\t\t\t\t<div class=\"e-con-inner\">\n\t\t\t\t<div class=\"elementor-element elementor-element-0678340 elementor-widget elementor-widget-heading\" data-id=\"0678340\" data-element_type=\"widget\" data-e-type=\"widget\" data-widget_type=\"heading.default\">\n\t\t\t\t<div class=\"elementor-widget-container\">\n\t\t\t\t\t<h2 class=\"elementor-heading-title elementor-size-default\">Politique de confidentialit\u00e9<\/h2>\t\t\t\t<\/div>\n\t\t\t\t<\/div>\n\t\t\t\t<div class=\"elementor-element elementor-element-56e4cc8 elementor-widget elementor-widget-text-editor\" data-id=\"56e4cc8\" data-element_type=\"widget\" data-e-type=\"widget\" data-widget_type=\"text-editor.default\">\n\t\t\t\t<div class=\"elementor-widget-container\">\n\t\t\t\t\t\t\t\t\t<div class=\"elementor-element elementor-element-83794fe elementor-widget elementor-widget-heading\" data-id=\"83794fe\" data-element_type=\"widget\" data-widget_type=\"heading.default\"><div class=\"elementor-widget-container\"><h2 class=\"elementor-heading-title elementor-size-default\"><strong style=\"font-size: 16px;\">Contr\u00f4leur des donn\u00e9es<\/strong><\/h2><\/div><\/div><div class=\"elementor-element elementor-element-c3170b7 elementor-widget elementor-widget-text-editor\" data-id=\"c3170b7\" data-element_type=\"widget\" data-widget_type=\"text-editor.default\"><div class=\"elementor-widget-container\"><p>Le responsable du traitement des donn\u00e9es \u00e0 caract\u00e8re personnel collect\u00e9es par l'interm\u00e9diaire de ce site web est :<\/p><ul><li><strong>Titre :<\/strong>\u00a0Thierry Rousset<\/li><li><strong>FNI :<\/strong>\u00a0X4071629P<\/li><li><strong>E-mail :<\/strong>\u00a0<a href=\"mailto:qsrconsultant@qsrconsultant.com\">qsrconsultant@qsrconsultant.com<\/a><\/li><li><strong>T\u00e9l\u00e9phone portable :<\/strong>\u00a0+34 638 380 269<br \/><br \/><\/li><\/ul><p><strong>Finalit\u00e9 du traitement des donn\u00e9es<\/strong><br \/>Les donn\u00e9es personnelles que les utilisateurs peuvent fournir par l'interm\u00e9diaire de ce site web seront trait\u00e9es aux fins suivantes :<\/p><ul><li>G\u00e9rer la relation avec les utilisateurs qui nous contactent par le biais des formulaires de contact ou par courrier \u00e9lectronique.<\/li><li>Offrir les services demand\u00e9s par les utilisateurs et, le cas \u00e9ch\u00e9ant, assurer un suivi et une attention personnalis\u00e9e.<\/li><li>Respecter les obligations l\u00e9gales qui incombent au propri\u00e9taire du site web.<br \/><br \/><\/li><\/ul><p><strong>L\u00e9gitimation du traitement des donn\u00e9es<\/strong><br \/>Le traitement des donn\u00e9es personnelles est bas\u00e9 sur le consentement de l'utilisateur, qui est fourni lorsqu'il remplit les formulaires de contact, s'abonne aux bulletins d'information ou effectue des demandes de renseignements via le site web.<br \/>L'utilisateur peut retirer son consentement \u00e0 tout moment, sans que cela n'affecte la l\u00e9galit\u00e9 du traitement effectu\u00e9 avant le retrait.<\/p><p><strong>Cat\u00e9gories de donn\u00e9es \u00e0 caract\u00e8re personnel<\/strong><br \/>Les cat\u00e9gories de donn\u00e9es collect\u00e9es sont les suivantes :<\/p><ul><li>Donn\u00e9es d'identification : nom, pr\u00e9nom, adresse \u00e9lectronique.<\/li><li>Coordonn\u00e9es : num\u00e9ro de t\u00e9l\u00e9phone.<\/li><li>D'autres donn\u00e9es que l'utilisateur peut fournir volontairement par le biais des formulaires ou en communiquant avec nous.<br \/><br \/><\/li><\/ul><p><strong>Destinataires des donn\u00e9es \u00e0 caract\u00e8re personnel<\/strong><br \/>Les donn\u00e9es personnelles fournies par les utilisateurs ne seront pas transf\u00e9r\u00e9es \u00e0 des tiers, \u00e0 moins que cela ne soit n\u00e9cessaire pour se conformer \u00e0 une obligation l\u00e9gale ou pour g\u00e9rer les services demand\u00e9s. En aucun cas, des transferts internationaux de donn\u00e9es ne seront effectu\u00e9s.<\/p><p><strong>Droits de l'utilisateur<\/strong><br \/>Les utilisateurs peuvent exercer les droits suivants en ce qui concerne leurs donn\u00e9es personnelles :<\/p><ul><li><strong>Acc\u00e8s :<\/strong>\u00a0Obtenir la confirmation que nous traitons bien vos donn\u00e9es personnelles et acc\u00e9der \u00e0 vos donn\u00e9es personnelles.<\/li><li><strong>Correction :<\/strong>\u00a0Demander la correction des donn\u00e9es personnelles inexactes ou la mise \u00e0 jour de ces donn\u00e9es.<\/li><li><strong>Suppression :<\/strong>\u00a0Demander la suppression de vos donn\u00e9es personnelles lorsqu'elles ne sont plus n\u00e9cessaires aux fins pour lesquelles elles ont \u00e9t\u00e9 collect\u00e9es.<\/li><li><strong>Opposition :<\/strong>\u00a0s'opposer au traitement de vos donn\u00e9es personnelles pour des raisons tenant \u00e0 votre situation particuli\u00e8re.<\/li><li><strong>Portabilit\u00e9 :<\/strong>\u00a0demander le transfert de leurs donn\u00e9es \u00e0 un autre responsable du traitement, dans un format structur\u00e9 et lisible.<\/li><li><strong>Limitation :<\/strong>\u00a0Demander la restriction du traitement de vos donn\u00e9es dans certaines circonstances.<br \/>Pour exercer ces droits, l'utilisateur peut envoyer un courrier \u00e9lectronique \u00e0 l'adresse ci-dessus ou \u00e9crire \u00e0 l'adresse postale ci-dessus.<br \/><br \/><\/li><\/ul><p><strong>P\u00e9riode de conservation des donn\u00e9es<\/strong><br \/>Les donn\u00e9es \u00e0 caract\u00e8re personnel sont conserv\u00e9es pendant la dur\u00e9e n\u00e9cessaire \u00e0 la r\u00e9alisation de l'objectif pour lequel elles ont \u00e9t\u00e9 collect\u00e9es et aussi longtemps que leur suppression n'est pas demand\u00e9e.<\/p><p><strong>Mesures de s\u00e9curit\u00e9<\/strong><br \/>Le propri\u00e9taire du site s'engage \u00e0 adopter les mesures de s\u00e9curit\u00e9 n\u00e9cessaires pour prot\u00e9ger les donn\u00e9es personnelles des utilisateurs, conform\u00e9ment \u00e0 la l\u00e9gislation applicable en mati\u00e8re de protection des donn\u00e9es.<\/p><p><strong>Modification de la politique de confidentialit\u00e9<\/strong><br \/>Le pr\u00e9sent avis de confidentialit\u00e9 peut \u00eatre modifi\u00e9 \u00e0 tout moment, en fonction de la l\u00e9gislation applicable, des changements dans le traitement des donn\u00e9es ou des d\u00e9cisions du responsable du traitement. Toute modification sera publi\u00e9e sur cette page et, le cas \u00e9ch\u00e9ant, les utilisateurs en seront inform\u00e9s.<\/p><p><strong>Contact<\/strong><br \/>Si vous avez des questions sur la mani\u00e8re dont nous traitons vos donn\u00e9es \u00e0 caract\u00e8re personnel ou si vous souhaitez exercer l'un de vos droits, vous pouvez nous contacter \u00e0 l'adresse \u00e9lectronique suivante\u00a0<a href=\"mailto:qsrconsultant@qsrconsultant.com\">qsrconsultant@qsrconsultant.com<\/a>.<\/p><p>Derni\u00e8re mise \u00e0 jour : 26\/11\/2024<\/p><\/div><\/div>\t\t\t\t\t\t\t\t<\/div>\n\t\t\t\t<\/div>\n\t\t\t\t\t<\/div>\n\t\t\t\t<\/div>\n\t\t\t\t<\/div>","protected":false},"excerpt":{"rendered":"<p>Aviso legal Titular:\u00a0Thierry Rousset NIF:\u00a0X4071629P Correo electr\u00f3nico:\u00a0qsrconsultant@qsrconsultant.com Tel\u00e9fono m\u00f3vil:\u00a0+34 638 380 269 Web:\u00a0www.qsrconsultant.com Condiciones de UsoEl acceso y uso de este sitio web atribuyen la condici\u00f3n de usuario, lo que implica la aceptaci\u00f3n plena de las presentes condiciones de uso desde el momento del acceso. Si no est\u00e1 de acuerdo con alguna de estas condiciones, deber\u00e1 abstenerse de utilizar esta p\u00e1gina. Propiedad Intelectual e IndustrialLos contenidos, dise\u00f1o gr\u00e1fico y c\u00f3digo fuente de esta web son propiedad de Thierry Rousset y est\u00e1n protegidos por la normativa espa\u00f1ola e internacional sobre propiedad intelectual e industrial. Queda prohibida la reproducci\u00f3n, distribuci\u00f3n o comunicaci\u00f3n p\u00fablica, total o parcial, sin la autorizaci\u00f3n expresa del titular. Responsabilidad del ContenidoSe realiza el mayor esfuerzo por garantizar la precisi\u00f3n y actualizaci\u00f3n de los contenidos de este sitio web. Sin embargo, el titular no se responsabiliza de los errores u omisiones en los contenidos ni del uso que pueda hacerse de ellos. Enlaces a TercerosEl sitio web puede contener enlaces a p\u00e1ginas externas que son responsabilidad de sus respectivos titulares. El titular de esta web no se hace responsable de los contenidos ni del uso de dichas p\u00e1ginas. Protecci\u00f3n de Datos PersonalesEn cumplimiento del Reglamento (UE) 2016\/679, General de Protecci\u00f3n de Datos (RGPD) y de la Ley Org\u00e1nica 3\/2018, de 5 de diciembre, de Protecci\u00f3n de Datos Personales y Garant\u00eda de los Derechos Digitales (LOPDGDD), se informa que los datos facilitados a trav\u00e9s de este sitio ser\u00e1n tratados con la m\u00e1xima confidencialidad y \u00fanicamente para los fines especificados. Puede consultar m\u00e1s informaci\u00f3n en nuestra\u00a0Pol\u00edtica de Privacidad. Legislaci\u00f3n y Jurisdicci\u00f3n AplicableEstas condiciones se rigen por la legislaci\u00f3n espa\u00f1ola. Para cualquier controversia que pudiera derivarse del acceso o uso de este sitio web, el usuario y el titular acuerdan someterse a los juzgados y tribunales del domicilio del titular, salvo que la ley disponga lo contrario. Si tienes alguna consulta sobre este Aviso Legal, puedes escribirnos a\u00a0qsrconsultant@qsrconsultant.com. Pol\u00edtica de privacidad Responsable del Tratamiento de Datos El responsable del tratamiento de los datos personales que se recogen a trav\u00e9s de este sitio web es: Titular:\u00a0Thierry Rousset NIF:\u00a0X4071629P Correo electr\u00f3nico:\u00a0qsrconsultant@qsrconsultant.com Tel\u00e9fono m\u00f3vil:\u00a0+34 638 380 269 Finalidad del Tratamiento de los DatosLos datos personales que los usuarios puedan proporcionar a trav\u00e9s de este sitio web ser\u00e1n tratados para los siguientes fines: Gestionar la relaci\u00f3n con los usuarios que se pongan en contacto a trav\u00e9s de los formularios de contacto o email. Ofrecer los servicios solicitados por los usuarios, y en su caso, realizar el seguimiento y ofrecer la atenci\u00f3n personalizada. Cumplir con las obligaciones legales que correspondan al titular de la web. Legitimaci\u00f3n para el Tratamiento de DatosEl tratamiento de los datos personales se basa en el consentimiento del usuario, que se proporciona al completar los formularios de contacto, suscribirse a boletines o al realizar alguna consulta a trav\u00e9s de la web.El usuario puede retirar su consentimiento en cualquier momento, sin que ello afecte a la licitud del tratamiento realizado antes de la retirada. Categor\u00edas de Datos PersonalesLas categor\u00edas de datos que se recogen son: Datos identificativos: nombre, apellidos, direcci\u00f3n de correo electr\u00f3nico. Datos de contacto: n\u00famero de tel\u00e9fono. Otros datos que el usuario pueda proporcionar de manera voluntaria a trav\u00e9s de los formularios o en la comunicaci\u00f3n con nosotros. Destinatarios de los Datos PersonalesLos datos personales proporcionados por los usuarios no ser\u00e1n cedidos a terceros, salvo que sea necesario para cumplir con una obligaci\u00f3n legal o para gestionar los servicios solicitados. En ning\u00fan caso se realizar\u00e1n transferencias internacionales de datos. Derechos del UsuarioEl usuario puede ejercer los siguientes derechos en relaci\u00f3n con sus datos personales: Acceso:\u00a0Obtener confirmaci\u00f3n sobre si estamos tratando sus datos personales y acceder a los mismos. Rectificaci\u00f3n:\u00a0Solicitar la correcci\u00f3n de los datos personales inexactos o la actualizaci\u00f3n de los mismos. Supresi\u00f3n:\u00a0Solicitar la eliminaci\u00f3n de sus datos personales cuando ya no sean necesarios para los fines para los cuales fueron recogidos. Oposici\u00f3n:\u00a0Oponerse al tratamiento de sus datos personales por motivos relacionados con su situaci\u00f3n particular. Portabilidad:\u00a0Solicitar la transferencia de sus datos a otro responsable del tratamiento, en formato estructurado y legible. Limitaci\u00f3n:\u00a0Solicitar la limitaci\u00f3n del tratamiento de sus datos en determinadas circunstancias.Para ejercer estos derechos, el usuario puede enviar un correo electr\u00f3nico a la direcci\u00f3n indicada anteriormente o dirigirse por escrito a la direcci\u00f3n postal mencionada. Plazo de Conservaci\u00f3n de los DatosLos datos personales ser\u00e1n conservados durante el tiempo necesario para cumplir con la finalidad para la cual fueron recogidos y mientras no se solicite su supresi\u00f3n. Medidas de SeguridadEl titular del sitio web se compromete a adoptar las medidas de seguridad necesarias para proteger los datos personales de los usuarios, de acuerdo con la legislaci\u00f3n aplicable en materia de protecci\u00f3n de datos. Modificaci\u00f3n de la Pol\u00edtica de PrivacidadEste aviso de privacidad puede modificarse en cualquier momento, en funci\u00f3n de la legislaci\u00f3n aplicable, cambios en el tratamiento de los datos o decisiones del responsable. Cualquier cambio ser\u00e1 publicado en esta p\u00e1gina y, si es necesario, se notificar\u00e1 a los usuarios. ContactoSi tienes alguna pregunta sobre c\u00f3mo tratamos tus datos personales o deseas ejercer cualquiera de tus derechos, puedes ponerte en contacto con nosotros a trav\u00e9s de la direcci\u00f3n de correo electr\u00f3nico\u00a0qsrconsultant@qsrconsultant.com. \u00daltima actualizaci\u00f3n: 26\/11\/2024<\/p>","protected":false},"author":1,"featured_media":1189,"parent":0,"menu_order":0,"comment_status":"closed","ping_status":"closed","template":"elementor_header_footer","meta":{"content-type":"","footnotes":""},"class_list":["post-1762","page","type-page","status-publish","has-post-thumbnail","hentry"],"aioseo_notices":[],"_links":{"self":[{"href":"https:\/\/qsrconsultant.com\/fr\/wp-json\/wp\/v2\/pages\/1762","targetHints":{"allow":["GET"]}}],"collection":[{"href":"https:\/\/qsrconsultant.com\/fr\/wp-json\/wp\/v2\/pages"}],"about":[{"href":"https:\/\/qsrconsultant.com\/fr\/wp-json\/wp\/v2\/types\/page"}],"author":[{"embeddable":true,"href":"https:\/\/qsrconsultant.com\/fr\/wp-json\/wp\/v2\/users\/1"}],"replies":[{"embeddable":true,"href":"https:\/\/qsrconsultant.com\/fr\/wp-json\/wp\/v2\/comments?post=1762"}],"version-history":[{"count":37,"href":"https:\/\/qsrconsultant.com\/fr\/wp-json\/wp\/v2\/pages\/1762\/revisions"}],"predecessor-version":[{"id":4436,"href":"https:\/\/qsrconsultant.com\/fr\/wp-json\/wp\/v2\/pages\/1762\/revisions\/4436"}],"wp:featuredmedia":[{"embeddable":true,"href":"https:\/\/qsrconsultant.com\/fr\/wp-json\/wp\/v2\/media\/1189"}],"wp:attachment":[{"href":"https:\/\/qsrconsultant.com\/fr\/wp-json\/wp\/v2\/media?parent=1762"}],"curies":[{"name":"wp","href":"https:\/\/api.w.org\/{rel}","templated":true}]}}