{"id":1796,"date":"2025-03-30T20:14:39","date_gmt":"2025-03-30T20:14:39","guid":{"rendered":"https:\/\/lightcyan-boar-669452.hostingersite.com\/?page_id=1796"},"modified":"2025-03-30T20:18:43","modified_gmt":"2025-03-30T20:18:43","slug":"declaration-daccessibilite","status":"publish","type":"page","link":"https:\/\/qsrconsultant.com\/fr\/declaracion-de-accesibilidad\/","title":{"rendered":"D\u00e9claration d'accessibilit\u00e9"},"content":{"rendered":"<div data-elementor-type=\"wp-page\" data-elementor-id=\"1796\" class=\"elementor elementor-1796\" data-elementor-post-type=\"page\">\n\t\t\t\t<div class=\"elementor-element elementor-element-0cb25c1 e-flex e-con-boxed wpr-particle-no wpr-jarallax-no wpr-parallax-no wpr-sticky-section-no wpr-equal-height-no e-con e-parent\" data-id=\"0cb25c1\" data-element_type=\"container\" data-e-type=\"container\">\n\t\t\t\t\t<div class=\"e-con-inner\">\n\t\t\t\t<div class=\"elementor-element elementor-element-83794fe elementor-widget elementor-widget-heading\" data-id=\"83794fe\" data-element_type=\"widget\" data-e-type=\"widget\" data-widget_type=\"heading.default\">\n\t\t\t\t<div class=\"elementor-widget-container\">\n\t\t\t\t\t<h2 class=\"elementor-heading-title elementor-size-default\">D\u00e9claration d'accessibilit\u00e9<\/h2>\t\t\t\t<\/div>\n\t\t\t\t<\/div>\n\t\t\t\t<div class=\"elementor-element elementor-element-c3170b7 elementor-widget elementor-widget-text-editor\" data-id=\"c3170b7\" data-element_type=\"widget\" data-e-type=\"widget\" data-widget_type=\"text-editor.default\">\n\t\t\t\t<div class=\"elementor-widget-container\">\n\t\t\t\t\t\t\t\t\t<p>Nous nous engageons \u00e0 rendre notre site web accessible conform\u00e9ment \u00e0 la\u00a0<span style=\"color: #ff914c;\"><a style=\"color: #ff914c;\" href=\"https:\/\/www.boe.es\/buscar\/act.php?id=BOE-A-2018-12699\">Arr\u00eat\u00e9 royal 1112\/2018 du 7 septembre 2018<\/a>,<\/span> sur l'accessibilit\u00e9 des sites web et des applications mobiles du secteur public (ci-apr\u00e8s, l'arr\u00eat\u00e9 royal 1112\/2018 du 7 septembre).<\/p><p>\u00c9tat de conformit\u00e9<\/p><p>Ce site web est partiellement conforme au d\u00e9cret royal 1112\/2018, du 7 septembre, en raison de la non-conformit\u00e9 des aspects suivants.<\/p><p>Contenu non accessible<\/p><p>Le contenu ci-dessous n'est pas accessible pour les raisons suivantes :<\/p><ol class=\"wp-block-list\"><li>Non-conformit\u00e9 avec le d\u00e9cret royal 1112\/2018, du 7 septembre : il peut y avoir des erreurs d'\u00e9dition occasionnelles sur certaines pages web, \u00e0 la fois dans le contenu HTML et dans les documents finaux, publi\u00e9s apr\u00e8s le 20 septembre 2018 (date d'entr\u00e9e en vigueur du d\u00e9cret royal 1112\/2018, du 7 septembre). Plus pr\u00e9cis\u00e9ment, il peut y avoir des erreurs dans les documents contenant des graphiques, des tableaux complexes ou dans ceux sign\u00e9s \u00e9lectroniquement avant leur examen d'accessibilit\u00e9.<\/li><li>Charge disproportionn\u00e9e : sans objet.<\/li><li>Contenu n'entrant pas dans le champ d'application de la l\u00e9gislation applicable : il existe des fichiers bureautiques au format PDF ou autres formats publi\u00e9s avant le 20 septembre 2018 qui ne sont pas enti\u00e8rement conformes \u00e0 toutes les exigences en mati\u00e8re d'accessibilit\u00e9 ; le contenu de tiers qui n'est pas financ\u00e9, d\u00e9velopp\u00e9 ou contr\u00f4l\u00e9 par ce minist\u00e8re peut \u00e9galement entrer dans le champ d'application de la l\u00e9gislation applicable.<\/li><\/ol><p>Pr\u00e9paration de la pr\u00e9sente d\u00e9claration d'accessibilit\u00e9<\/p><p>Cette d\u00e9claration a \u00e9t\u00e9 pr\u00e9par\u00e9e le 01 juillet 2024.<\/p><p>La m\u00e9thode utilis\u00e9e pour pr\u00e9parer la d\u00e9claration est une auto-\u00e9valuation r\u00e9alis\u00e9e par l'agence elle-m\u00eame.<\/p><p>Remarques et coordonn\u00e9es<\/p><p>Vous pouvez faire des communications sur les exigences d'accessibilit\u00e9 (article 10.2.a) du d\u00e9cret royal 1112\/2018, du 7 septembre) comme, par exemple :<\/p><ul class=\"wp-block-list\"><li>Pour signaler tout manquement \u00e9ventuel \u00e0 la r\u00e9glementation de ce site web.<\/li><li>Transmettre d'autres difficult\u00e9s d'acc\u00e8s au contenu.<\/li><li>de formuler toute autre demande ou suggestion d'am\u00e9lioration concernant l'accessibilit\u00e9 du site web.<\/li><\/ul><p>Par les canaux suivants :<\/p><ul class=\"wp-block-list\"><li>E-mail :<span style=\"color: #ff914c;\">\u00a0<a style=\"color: #ff914c;\" href=\"mailto:qsrconsultant@qsrconsultant.com\">qsrconsultant@qsrconsultant.com<\/a><\/span><\/li><li>T\u00e9l\u00e9phone : +34 638 380 269<\/li><\/ul><p>Les communications seront re\u00e7ues et trait\u00e9es par la direction de l'entreprise, en tant qu'unit\u00e9 responsable du contenu de ce site web.<\/p><p>Contenu optionnel<\/p><p>La version actuellement visible de ce site web date de juillet 2024 et le niveau d'accessibilit\u00e9 actuel a \u00e9t\u00e9 revu \u00e0 cette date.<\/p><p>\u00c0 partir de cette date, des examens partiels quotidiens sont effectu\u00e9s sur les contenus web nouveaux ou modifi\u00e9s, tant sur les mod\u00e8les que sur les pages et documents finaux publi\u00e9s, afin de garantir le respect des exigences d'accessibilit\u00e9 de la norme UNE-EN 301549:2019, compte tenu des exceptions du d\u00e9cret royal 1112\/2018, du 7 septembre.<\/p><p>Les mesures suivantes sont notamment prises pour faciliter l'accessibilit\u00e9 :<\/p><p>Utilisation des normes du W3C : XHTML 1.0, CSS 3.0, WAI AA.<\/p><p>Utilisation d'un texte alternatif sur les images<\/p><p>Les liens fournissent des d\u00e9tails sur la fonction ou la destination de l'hyperlien.<\/p>\t\t\t\t\t\t\t\t<\/div>\n\t\t\t\t<\/div>\n\t\t\t\t\t<\/div>\n\t\t\t\t<\/div>\n\t\t\t\t<\/div>","protected":false},"excerpt":{"rendered":"<p>Declaraci\u00f3n de Accesibilidad Estamos comprometidos a hacer accesible nuestro sitio web de conformidad con el\u00a0Real Decreto 1112\/2018, de 7 de septiembre, sobre accesibilidad de los sitios web y aplicaciones para dispositivos m\u00f3viles del sector p\u00fablico (en adelante, Real Decreto 1112\/2018, de 7 de septiembre). Situaci\u00f3n de cumplimiento Este sitio web es parcialmente conforme con el Real Decreto 1112\/2018, de 7 de septiembre, debido a la falta de conformidad de los aspectos que se indican a continuaci\u00f3n. Contenido no accesible El contenido que se recoge a continuaci\u00f3n no es accesible por lo siguiente: Falta de conformidad con el Real Decreto 1112\/2018, de 7 de septiembre: podr\u00edan existir fallos puntuales de edici\u00f3n en alguna p\u00e1gina web, tanto en contenidos HTML como en documentos finales, publicados en fecha posterior al 20 de septiembre de 2018 (fecha de entrada en vigor del Real Decreto 1112\/2018, de 7 de septiembre). Concretamente puede haber errores en aquellos documentos que contienen gr\u00e1ficos, tablas complejas o en aquellos firmados electr\u00f3nicamente antes de su revisi\u00f3n de accesibilidad. Carga desproporcionada: no aplica. El contenido no entra dentro del \u00e1mbito de la legislaci\u00f3n aplicable: Existen archivos ofim\u00e1ticos en PDF u otros formatos publicados antes del 20 de septiembre de 2018 que no cumplen en su totalidad todos los requisitos de accesibilidad; tambi\u00e9n pueden estar en esa situaci\u00f3n contenidos de terceros no financiados, ni desarrollados, ni bajo el control de este Ministerio. Preparaci\u00f3n de la presente declaraci\u00f3n de accesibilidad La presente declaraci\u00f3n fue preparada el 01 de julio de 2024. El m\u00e9todo empleado para preparar la declaraci\u00f3n ha sido una autoevaluaci\u00f3n llevada a cabo por el propio organismo. Observaciones y datos de contacto Puede realizar comunicaciones sobre requisitos de accesibilidad (art\u00edculo 10.2.a) del Real Decreto 1112\/2018, de 7 de septiembre) como, por ejemplo: Informar sobre cualquier posible incumplimiento por parte de este sitio web. Transmitir otras dificultades de acceso al contenido. Formular cualquier otra consulta o sugerencia de mejora relativa a la accesibilidad del sitio web. A trav\u00e9s de las siguientes v\u00edas: Correo electr\u00f3nico:\u00a0qsrconsultant@qsrconsultant.com Tel\u00e9fono: +34 638 380 269 Las comunicaciones ser\u00e1n recibidas y tratadas por la direcci\u00f3n de la empresa, como unidad responsable de los contenidos de este sitio web. Contenido opcional La versi\u00f3n actualmente visible de este sitio web es de julio de 2024 y en esa fecha se hizo la revisi\u00f3n del nivel de accesibilidad vigente en el momento. A partir de dicha fecha se llevan a cabo revisiones parciales diarias del contenido web nuevo o modificado, tanto de las plantillas como de las p\u00e1ginas y documentos finales publicados, a fin de asegurar el cumplimiento de los requerimientos de accesibilidad de la Norma UNE-EN 301549:2019, considerando las excepciones del Real Decreto 1112\/2018, de 7 de septiembre. Entre otras se adoptan las siguientes medidas para facilitar la accesibilidad: Uso de los est\u00e1ndares del W3C: XHTML 1.0, CSS 3.0, WAI AA. Utilizaci\u00f3n de texto alternativo en las im\u00e1genes Los enlaces ofrecen detalles de la funci\u00f3n o destino del hiperv\u00ednculo<\/p>","protected":false},"author":1,"featured_media":0,"parent":0,"menu_order":0,"comment_status":"closed","ping_status":"closed","template":"","meta":{"content-type":"","footnotes":""},"class_list":["post-1796","page","type-page","status-publish","hentry"],"aioseo_notices":[],"_links":{"self":[{"href":"https:\/\/qsrconsultant.com\/fr\/wp-json\/wp\/v2\/pages\/1796","targetHints":{"allow":["GET"]}}],"collection":[{"href":"https:\/\/qsrconsultant.com\/fr\/wp-json\/wp\/v2\/pages"}],"about":[{"href":"https:\/\/qsrconsultant.com\/fr\/wp-json\/wp\/v2\/types\/page"}],"author":[{"embeddable":true,"href":"https:\/\/qsrconsultant.com\/fr\/wp-json\/wp\/v2\/users\/1"}],"replies":[{"embeddable":true,"href":"https:\/\/qsrconsultant.com\/fr\/wp-json\/wp\/v2\/comments?post=1796"}],"version-history":[{"count":9,"href":"https:\/\/qsrconsultant.com\/fr\/wp-json\/wp\/v2\/pages\/1796\/revisions"}],"predecessor-version":[{"id":1805,"href":"https:\/\/qsrconsultant.com\/fr\/wp-json\/wp\/v2\/pages\/1796\/revisions\/1805"}],"wp:attachment":[{"href":"https:\/\/qsrconsultant.com\/fr\/wp-json\/wp\/v2\/media?parent=1796"}],"curies":[{"name":"wp","href":"https:\/\/api.w.org\/{rel}","templated":true}]}}