{"id":4923,"date":"2026-03-24T17:53:15","date_gmt":"2026-03-24T17:53:15","guid":{"rendered":"https:\/\/qsrconsultant.com\/?page_id=4923"},"modified":"2026-03-24T18:14:27","modified_gmt":"2026-03-24T18:14:27","slug":"jours-feries-et-jours-feries","status":"publish","type":"page","link":"https:\/\/qsrconsultant.com\/fr\/domingos-esteves\/","title":{"rendered":"Domingos ESTEVES"},"content":{"rendered":"<div data-elementor-type=\"wp-page\" data-elementor-id=\"4923\" class=\"elementor elementor-4923\" data-elementor-post-type=\"page\">\n\t\t\t\t\t\t<section class=\"elementor-section elementor-top-section elementor-element elementor-element-6d40a450 elementor-section-content-middle elementor-section-boxed elementor-section-height-default elementor-section-height-default wpr-particle-no wpr-jarallax-no wpr-parallax-no wpr-sticky-section-no wpr-column-slider-no wpr-equal-height-no\" data-id=\"6d40a450\" data-element_type=\"section\" data-e-type=\"section\" data-settings=\"{&quot;background_background&quot;:&quot;classic&quot;}\">\n\t\t\t\t\t\t<div class=\"elementor-container elementor-column-gap-wide\">\n\t\t\t\t\t<div class=\"elementor-column elementor-col-50 elementor-top-column elementor-element elementor-element-7a793c7e\" data-id=\"7a793c7e\" data-element_type=\"column\" data-e-type=\"column\" data-settings=\"{&quot;background_background&quot;:&quot;classic&quot;}\">\n\t\t\t<div class=\"elementor-widget-wrap elementor-element-populated\">\n\t\t\t\t\t\t<div class=\"elementor-element elementor-element-569a2f4 elementor-widget elementor-widget-image\" data-id=\"569a2f4\" data-element_type=\"widget\" data-e-type=\"widget\" data-widget_type=\"image.default\">\n\t\t\t\t<div class=\"elementor-widget-container\">\n\t\t\t\t\t\t\t\t\t\t\t\t\t\t\t<img fetchpriority=\"high\" decoding=\"async\" width=\"788\" height=\"788\" src=\"https:\/\/qsrconsultant.com\/wp-content\/uploads\/2026\/03\/Proyecto-nuevo-2.webp\" class=\"attachment-large size-large wp-image-4927\" alt=\"\" srcset=\"https:\/\/qsrconsultant.com\/wp-content\/uploads\/2026\/03\/Proyecto-nuevo-2.webp 788w, https:\/\/qsrconsultant.com\/wp-content\/uploads\/2026\/03\/Proyecto-nuevo-2-300x300.webp 300w, https:\/\/qsrconsultant.com\/wp-content\/uploads\/2026\/03\/Proyecto-nuevo-2-150x150.webp 150w, https:\/\/qsrconsultant.com\/wp-content\/uploads\/2026\/03\/Proyecto-nuevo-2-768x768.webp 768w, https:\/\/qsrconsultant.com\/wp-content\/uploads\/2026\/03\/Proyecto-nuevo-2-12x12.webp 12w, https:\/\/qsrconsultant.com\/wp-content\/uploads\/2026\/03\/elementor\/thumbs\/Proyecto-nuevo-2-rkzolsil1sv5k9ghqnbp68mhai43r4o7jd8mo4i920.webp 700w\" sizes=\"(max-width: 788px) 100vw, 788px\" \/>\t\t\t\t\t\t\t\t\t\t\t\t\t\t\t<\/div>\n\t\t\t\t<\/div>\n\t\t\t\t\t<\/div>\n\t\t<\/div>\n\t\t\t\t<div class=\"elementor-column elementor-col-50 elementor-top-column elementor-element elementor-element-1002530d\" data-id=\"1002530d\" data-element_type=\"column\" data-e-type=\"column\">\n\t\t\t<div class=\"elementor-widget-wrap elementor-element-populated\">\n\t\t\t\t\t\t<div class=\"elementor-element elementor-element-4881d744 elementor-widget elementor-widget-heading\" data-id=\"4881d744\" data-element_type=\"widget\" data-e-type=\"widget\" data-widget_type=\"heading.default\">\n\t\t\t\t<div class=\"elementor-widget-container\">\n\t\t\t\t\t<h2 class=\"elementor-heading-title elementor-size-xxl\">Domingos Esteves <\/h2>\t\t\t\t<\/div>\n\t\t\t\t<\/div>\n\t\t\t\t<div class=\"elementor-element elementor-element-2cc2e5d elementor-invisible elementor-widget elementor-widget-heading\" data-id=\"2cc2e5d\" data-element_type=\"widget\" data-e-type=\"widget\" data-settings=\"{&quot;_animation&quot;:&quot;fadeIn&quot;}\" data-widget_type=\"heading.default\">\n\t\t\t\t<div class=\"elementor-widget-container\">\n\t\t\t\t\t<h5 class=\"elementor-heading-title elementor-size-medium\">conseiller strat\u00e9gique<\/h5>\t\t\t\t<\/div>\n\t\t\t\t<\/div>\n\t\t\t\t<div class=\"elementor-element elementor-element-5322c629 elementor-widget-divider--view-line elementor-invisible elementor-widget elementor-widget-divider\" data-id=\"5322c629\" data-element_type=\"widget\" data-e-type=\"widget\" data-settings=\"{&quot;_animation&quot;:&quot;fadeInUp&quot;}\" data-widget_type=\"divider.default\">\n\t\t\t\t<div class=\"elementor-widget-container\">\n\t\t\t\t\t\t\t<div class=\"elementor-divider\">\n\t\t\t<span class=\"elementor-divider-separator\">\n\t\t\t\t\t\t<\/span>\n\t\t<\/div>\n\t\t\t\t\t\t<\/div>\n\t\t\t\t<\/div>\n\t\t\t\t<div class=\"elementor-element elementor-element-2be9714b elementor-widget elementor-widget-text-editor\" data-id=\"2be9714b\" data-element_type=\"widget\" data-e-type=\"widget\" data-widget_type=\"text-editor.default\">\n\t\t\t\t<div class=\"elementor-widget-container\">\n\t\t\t\t\t\t\t\t\t<p>Domingos Esteves est un conseiller strat\u00e9gique qui poss\u00e8de plus de 30 ans d'exp\u00e9rience internationale dans le domaine de la vente au d\u00e9tail, de la mode, de l'art de vivre et de la restauration rapide, combinant des fonctions de direction et de conseil.<\/p><p>Elle apporte une vision pragmatique et ax\u00e9e sur le march\u00e9 aux entreprises confront\u00e9es \u00e0 la croissance, \u00e0 la complexit\u00e9 et aux processus de transformation, en mettant clairement l'accent sur la croissance rentable, la clart\u00e9 du mod\u00e8le d'entreprise et l'ex\u00e9cution.<\/p><p>Il a pass\u00e9 la plus grande partie de sa carri\u00e8re dans le groupe C&amp;A, o\u00f9 il a occup\u00e9 des postes de direction \u00e0 la t\u00eate de projets d'expansion et de gestion en Europe et en Asie pendant pr\u00e8s de trois d\u00e9cennies, y compris en Chine. Il a ensuite \u00e9t\u00e9 directeur g\u00e9n\u00e9ral de Burger King Portugal, renfor\u00e7ant ainsi son exp\u00e9rience des environnements op\u00e9rationnels exigeants, des mod\u00e8les multi-unit\u00e9s et des syst\u00e8mes de franchise.<\/p><p>Il est cofondateur de FWD Advisors, o\u00f9 il travaille avec des \u00e9quipes de direction pour am\u00e9liorer la prise de d\u00e9cision, l'efficacit\u00e9 op\u00e9rationnelle et les performances de l'entreprise, en mettant toujours l'accent sur les r\u00e9sultats tangibles.<\/p><p>Il combine son activit\u00e9 professionnelle avec son r\u00f4le de coordinateur du comit\u00e9 d'experts de l'Association espagnole du commerce de d\u00e9tail (AER) et de conf\u00e9rencier dans les programmes ex\u00e9cutifs du commerce de d\u00e9tail \u00e0 l'IE Business School.<\/p>\t\t\t\t\t\t\t\t<\/div>\n\t\t\t\t<\/div>\n\t\t\t\t<div class=\"elementor-element elementor-element-17fcdf0 elementor-shape-square e-grid-align-left elementor-grid-0 elementor-widget elementor-widget-social-icons\" data-id=\"17fcdf0\" data-element_type=\"widget\" data-e-type=\"widget\" data-widget_type=\"social-icons.default\">\n\t\t\t\t<div class=\"elementor-widget-container\">\n\t\t\t\t\t\t\t<div class=\"elementor-social-icons-wrapper elementor-grid\">\n\t\t\t\t\t\t\t<span class=\"elementor-grid-item\">\n\t\t\t\t\t<a class=\"elementor-icon elementor-social-icon elementor-social-icon-linkedin elementor-animation-float elementor-repeater-item-fb21e6a\" href=\"https:\/\/www.linkedin.com\/in\/domingos-esteves\/\" target=\"_blank\">\n\t\t\t\t\t\t<span class=\"elementor-screen-only\">Linkedin<\/span>\n\t\t\t\t\t\t<svg aria-hidden=\"true\" class=\"e-font-icon-svg e-fab-linkedin\" viewbox=\"0 0 448 512\" xmlns=\"http:\/\/www.w3.org\/2000\/svg\"><path d=\"M416 32H31.9C14.3 32 0 46.5 0 64.3v383.4C0 465.5 14.3 480 31.9 480H416c17.6 0 32-14.5 32-32.3V64.3c0-17.8-14.4-32.3-32-32.3zM135.4 416H69V202.2h66.5V416zm-33.2-243c-21.3 0-38.5-17.3-38.5-38.5S80.9 96 102.2 96c21.2 0 38.5 17.3 38.5 38.5 0 21.3-17.2 38.5-38.5 38.5zm282.1 243h-66.4V312c0-24.8-.5-56.7-34.5-56.7-34.6 0-39.9 27-39.9 54.9V416h-66.4V202.2h63.7v29.2h.9c8.9-16.8 30.6-34.5 62.9-34.5 67.2 0 79.7 44.3 79.7 101.9V416z\"><\/path><\/svg>\t\t\t\t\t<\/a>\n\t\t\t\t<\/span>\n\t\t\t\t\t<\/div>\n\t\t\t\t\t\t<\/div>\n\t\t\t\t<\/div>\n\t\t\t\t\t<\/div>\n\t\t<\/div>\n\t\t\t\t\t<\/div>\n\t\t<\/section>\n\t\t\t\t<\/div>","protected":false},"excerpt":{"rendered":"<p>Domingos Esteves asesor estrat\u00e9gico Domingos Esteves es asesor estrat\u00e9gico con m\u00e1s de 30 a\u00f1os de experiencia internacional en retail, moda, lifestyle y QSR, combinando trayectoria ejecutiva y trabajo como advisor. Aporta una visi\u00f3n pragm\u00e1tica y orientada al mercado para compa\u00f1\u00edas que afrontan crecimiento, complejidad y procesos de transformaci\u00f3n, con un foco claro en crecimiento rentable, claridad de modelo de negocio y ejecuci\u00f3n. Ha desarrollado la mayor parte de su carrera en el grupo C&amp;A, donde ocup\u00f3 posiciones de alta direcci\u00f3n liderando durante casi tres d\u00e9cadas proyectos de expansi\u00f3n y gesti\u00f3n en Europa y Asia, incluyendo una etapa en China. Posteriormente fue Director General de Burger King Portugal, reforzando su experiencia en entornos de alta exigencia operativa, modelos multiunidad y sistemas de franquicia. Es cofundador de FWD Advisors, desde donde trabaja con equipos directivos en la mejora de la toma de decisiones, la eficacia operativa y el desempe\u00f1o del negocio, siempre con foco en resultados tangibles. Compagina su actividad profesional con su rol como coordinador del Comit\u00e9 de Expertos de la Asociaci\u00f3n Espa\u00f1ola del Retail (AER) y como profesor en programas ejecutivos de retail en IE Business School. Linkedin<\/p>","protected":false},"author":2,"featured_media":4927,"parent":0,"menu_order":0,"comment_status":"closed","ping_status":"closed","template":"elementor_header_footer","meta":{"content-type":"","footnotes":""},"class_list":["post-4923","page","type-page","status-publish","has-post-thumbnail","hentry"],"aioseo_notices":[],"_links":{"self":[{"href":"https:\/\/qsrconsultant.com\/fr\/wp-json\/wp\/v2\/pages\/4923","targetHints":{"allow":["GET"]}}],"collection":[{"href":"https:\/\/qsrconsultant.com\/fr\/wp-json\/wp\/v2\/pages"}],"about":[{"href":"https:\/\/qsrconsultant.com\/fr\/wp-json\/wp\/v2\/types\/page"}],"author":[{"embeddable":true,"href":"https:\/\/qsrconsultant.com\/fr\/wp-json\/wp\/v2\/users\/2"}],"replies":[{"embeddable":true,"href":"https:\/\/qsrconsultant.com\/fr\/wp-json\/wp\/v2\/comments?post=4923"}],"version-history":[{"count":13,"href":"https:\/\/qsrconsultant.com\/fr\/wp-json\/wp\/v2\/pages\/4923\/revisions"}],"predecessor-version":[{"id":4948,"href":"https:\/\/qsrconsultant.com\/fr\/wp-json\/wp\/v2\/pages\/4923\/revisions\/4948"}],"wp:featuredmedia":[{"embeddable":true,"href":"https:\/\/qsrconsultant.com\/fr\/wp-json\/wp\/v2\/media\/4927"}],"wp:attachment":[{"href":"https:\/\/qsrconsultant.com\/fr\/wp-json\/wp\/v2\/media?parent=4923"}],"curies":[{"name":"wp","href":"https:\/\/api.w.org\/{rel}","templated":true}]}}