{"id":677,"date":"2025-03-22T16:37:52","date_gmt":"2025-03-22T16:37:52","guid":{"rendered":"https:\/\/lightcyan-boar-669452.hostingersite.com\/?page_id=677"},"modified":"2025-07-13T17:51:42","modified_gmt":"2025-07-13T17:51:42","slug":"projets","status":"publish","type":"page","link":"https:\/\/qsrconsultant.com\/fr\/proyectos\/","title":{"rendered":"Projets"},"content":{"rendered":"<div data-elementor-type=\"wp-page\" data-elementor-id=\"677\" class=\"elementor elementor-677\" data-elementor-post-type=\"page\">\n\t\t\t\t\t\t<section class=\"elementor-section elementor-top-section elementor-element elementor-element-8a7ff0f elementor-section-content-middle elementor-section-height-min-height elementor-section-boxed elementor-section-height-default elementor-section-items-middle wpr-particle-no wpr-jarallax-no wpr-parallax-no wpr-sticky-section-no wpr-equal-height-no\" data-id=\"8a7ff0f\" data-element_type=\"section\" data-e-type=\"section\" data-settings=\"{&quot;background_background&quot;:&quot;classic&quot;}\">\n\t\t\t\t\t\t\t<div class=\"elementor-background-overlay\"><\/div>\n\t\t\t\t\t\t\t<div class=\"elementor-container elementor-column-gap-wide\">\n\t\t\t\t\t<div class=\"elementor-column elementor-col-100 elementor-top-column elementor-element elementor-element-302e48a elementor-invisible\" data-id=\"302e48a\" data-element_type=\"column\" data-e-type=\"column\" data-settings=\"{&quot;animation&quot;:&quot;fadeInUp&quot;}\">\n\t\t\t<div class=\"elementor-widget-wrap elementor-element-populated\">\n\t\t\t\t\t\t<div class=\"elementor-element elementor-element-853c5c7 elementor-invisible elementor-widget elementor-widget-heading\" data-id=\"853c5c7\" data-element_type=\"widget\" data-e-type=\"widget\" data-settings=\"{&quot;_animation&quot;:&quot;fadeIn&quot;,&quot;_animation_delay&quot;:100}\" data-widget_type=\"heading.default\">\n\t\t\t\t<div class=\"elementor-widget-container\">\n\t\t\t\t\t<h2 class=\"elementor-heading-title elementor-size-default\">Projets<\/h2>\t\t\t\t<\/div>\n\t\t\t\t<\/div>\n\t\t\t\t<div class=\"elementor-element elementor-element-7de2939 elementor-invisible elementor-widget elementor-widget-heading\" data-id=\"7de2939\" data-element_type=\"widget\" data-e-type=\"widget\" data-settings=\"{&quot;_animation&quot;:&quot;fadeIn&quot;,&quot;_animation_delay&quot;:50}\" data-widget_type=\"heading.default\">\n\t\t\t\t<div class=\"elementor-widget-container\">\n\t\t\t\t\t<h2 class=\"elementor-heading-title elementor-size-default\">Achev\u00e9 ou en cours<\/h2>\t\t\t\t<\/div>\n\t\t\t\t<\/div>\n\t\t\t\t<div class=\"elementor-element elementor-element-9c0822c elementor-widget-divider--view-line elementor-invisible elementor-widget elementor-widget-divider\" data-id=\"9c0822c\" data-element_type=\"widget\" data-e-type=\"widget\" data-settings=\"{&quot;_animation&quot;:&quot;fadeIn&quot;}\" data-widget_type=\"divider.default\">\n\t\t\t\t<div class=\"elementor-widget-container\">\n\t\t\t\t\t\t\t<div class=\"elementor-divider\">\n\t\t\t<span class=\"elementor-divider-separator\">\n\t\t\t\t\t\t<\/span>\n\t\t<\/div>\n\t\t\t\t\t\t<\/div>\n\t\t\t\t<\/div>\n\t\t\t\t\t<\/div>\n\t\t<\/div>\n\t\t\t\t\t<\/div>\n\t\t<\/section>\n\t\t<div class=\"elementor-element elementor-element-1df0bea e-flex e-con-boxed wpr-particle-no wpr-jarallax-no wpr-parallax-no wpr-sticky-section-no wpr-equal-height-no e-con e-parent\" data-id=\"1df0bea\" data-element_type=\"container\" data-e-type=\"container\">\n\t\t\t\t\t<div class=\"e-con-inner\">\n\t\t<div class=\"elementor-element elementor-element-ead010c e-con-full e-flex wpr-particle-no wpr-jarallax-no wpr-parallax-no wpr-sticky-section-no wpr-equal-height-no elementor-invisible e-con e-child\" data-id=\"ead010c\" data-element_type=\"container\" data-e-type=\"container\" data-settings=\"{&quot;background_background&quot;:&quot;classic&quot;,&quot;animation&quot;:&quot;fadeInLeft&quot;}\">\n\t\t\t\t<div class=\"elementor-element elementor-element-d510dd9 elementor-widget elementor-widget-heading\" data-id=\"d510dd9\" data-element_type=\"widget\" data-e-type=\"widget\" data-widget_type=\"heading.default\">\n\t\t\t\t<div class=\"elementor-widget-container\">\n\t\t\t\t\t<h2 class=\"elementor-heading-title elementor-size-default\">Pr\u00e9paration \u00e0 la franchise<\/h2>\t\t\t\t<\/div>\n\t\t\t\t<\/div>\n\t\t\t\t<div class=\"elementor-element elementor-element-673f584 elementor-widget elementor-widget-text-editor\" data-id=\"673f584\" data-element_type=\"widget\" data-e-type=\"widget\" data-widget_type=\"text-editor.default\">\n\t\t\t\t<div class=\"elementor-widget-container\">\n\t\t\t\t\t\t\t\t\t<h5>Car ce qui est franchis\u00e9 est un concept, pas une id\u00e9e !<strong><br \/><\/strong><\/h5><p>Nous avons accompagn\u00e9 plusieurs marques depuis le d\u00e9but avec 1 ou 2 magasins, en cr\u00e9ant tout ce qui est n\u00e9cessaire pour qu'elles commencent \u00e0 se d\u00e9velopper par le biais de la franchise :<\/p><ol><li>D\u00e9finition du mod\u00e8le d'entreprise.<\/li><li>V\u00e9rifier leur compatibilit\u00e9 avec la franchise.<\/li><li>Strat\u00e9gie de d\u00e9veloppement.<\/li><li>Manuels.<\/li><li>Documents juridiques (contrats, documents d'information pr\u00e9contractuelle, accords de d\u00e9veloppement, etc.)<\/li><\/ol>\t\t\t\t\t\t\t\t<\/div>\n\t\t\t\t<\/div>\n\t\t\t\t<\/div>\n\t\t<div class=\"elementor-element elementor-element-8f11455 e-con-full e-flex wpr-particle-no wpr-jarallax-no wpr-parallax-no wpr-sticky-section-no wpr-equal-height-no elementor-invisible e-con e-child\" data-id=\"8f11455\" data-element_type=\"container\" data-e-type=\"container\" data-settings=\"{&quot;background_background&quot;:&quot;classic&quot;,&quot;animation&quot;:&quot;fadeInRight&quot;}\">\n\t\t\t\t<div class=\"elementor-element elementor-element-e3a6823 elementor-widget elementor-widget-heading\" data-id=\"e3a6823\" data-element_type=\"widget\" data-e-type=\"widget\" data-widget_type=\"heading.default\">\n\t\t\t\t<div class=\"elementor-widget-container\">\n\t\t\t\t\t<h2 class=\"elementor-heading-title elementor-size-default\">Expansion internationale<\/h2>\t\t\t\t<\/div>\n\t\t\t\t<\/div>\n\t\t\t\t<div class=\"elementor-element elementor-element-a6531f9 elementor-widget elementor-widget-text-editor\" data-id=\"a6531f9\" data-element_type=\"widget\" data-e-type=\"widget\" data-widget_type=\"text-editor.default\">\n\t\t\t\t<div class=\"elementor-widget-container\">\n\t\t\t\t\t\t\t\t\t<h5>M\u00e9thodologie propre<\/h5><p>Nous avons r\u00e9alis\u00e9 et ex\u00e9cut\u00e9 des strat\u00e9gies de d\u00e9veloppement international pour plusieurs clients, en d\u00e9finissant pour eux :<\/p><ol><li>O\u00f9 aller en premier ?<\/li><li>Comment fixer des objectifs de d\u00e9veloppement<\/li><li>Quelle structure cr\u00e9er pour accompagner le d\u00e9veloppement international ?<\/li><li>Quel mod\u00e8le d'entreprise utiliser ?<\/li><li>Comment r\u00e9soudre les probl\u00e8mes de la cha\u00eene d'approvisionnement<\/li><\/ol>\t\t\t\t\t\t\t\t<\/div>\n\t\t\t\t<\/div>\n\t\t\t\t<\/div>\n\t\t\t\t\t<\/div>\n\t\t\t\t<\/div>\n\t\t<div class=\"elementor-element elementor-element-fa439fc e-flex e-con-boxed wpr-particle-no wpr-jarallax-no wpr-parallax-no wpr-sticky-section-no wpr-equal-height-no e-con e-parent\" data-id=\"fa439fc\" data-element_type=\"container\" data-e-type=\"container\">\n\t\t\t\t\t<div class=\"e-con-inner\">\n\t\t<div class=\"elementor-element elementor-element-0c8b0a0 e-con-full e-flex wpr-particle-no wpr-jarallax-no wpr-parallax-no wpr-sticky-section-no wpr-equal-height-no elementor-invisible e-con e-child\" data-id=\"0c8b0a0\" data-element_type=\"container\" data-e-type=\"container\" data-settings=\"{&quot;background_background&quot;:&quot;classic&quot;,&quot;animation&quot;:&quot;fadeInLeft&quot;}\">\n\t\t\t\t<div class=\"elementor-element elementor-element-e073d02 elementor-widget elementor-widget-heading\" data-id=\"e073d02\" data-element_type=\"widget\" data-e-type=\"widget\" data-widget_type=\"heading.default\">\n\t\t\t\t<div class=\"elementor-widget-container\">\n\t\t\t\t\t<h2 class=\"elementor-heading-title elementor-size-default\">Formation<\/h2>\t\t\t\t<\/div>\n\t\t\t\t<\/div>\n\t\t\t\t<div class=\"elementor-element elementor-element-07742dd elementor-widget elementor-widget-text-editor\" data-id=\"07742dd\" data-element_type=\"widget\" data-e-type=\"widget\" data-widget_type=\"text-editor.default\">\n\t\t\t\t<div class=\"elementor-widget-container\">\n\t\t\t\t\t\t\t\t\t<h5>Vous apprenez toujours !<\/h5><p>De nombreuses id\u00e9es fausses circulent autour de la franchise et m\u00eame des personnes qui travaillent dans ce secteur depuis des ann\u00e9es auraient du mal \u00e0 expliquer ce qu'est une franchise !<\/p><p>Nous donnons des conf\u00e9rences sur les principes de la franchise :<\/p><ol><li>D'o\u00f9 vient-il ?<\/li><li>\u00c0 quoi cela sert-il ?<\/li><li>Comment cela fonctionne-t-il ?<\/li><\/ol><p>Dans le cadre de notre collaboration avec le minist\u00e8re am\u00e9ricain du commerce, nous avons form\u00e9 des groupes d'investisseurs, de banquiers et de fonctionnaires sur ces concepts.<\/p>\t\t\t\t\t\t\t\t<\/div>\n\t\t\t\t<\/div>\n\t\t\t\t<\/div>\n\t\t<div class=\"elementor-element elementor-element-97ad6ae e-con-full e-flex wpr-particle-no wpr-jarallax-no wpr-parallax-no wpr-sticky-section-no wpr-equal-height-no elementor-invisible e-con e-child\" data-id=\"97ad6ae\" data-element_type=\"container\" data-e-type=\"container\" data-settings=\"{&quot;background_background&quot;:&quot;classic&quot;,&quot;animation&quot;:&quot;fadeInRight&quot;}\">\n\t\t\t\t<div class=\"elementor-element elementor-element-f40618c elementor-widget elementor-widget-heading\" data-id=\"f40618c\" data-element_type=\"widget\" data-e-type=\"widget\" data-widget_type=\"heading.default\">\n\t\t\t\t<div class=\"elementor-widget-container\">\n\t\t\t\t\t<h2 class=\"elementor-heading-title elementor-size-default\">Mod\u00e9lisation du potentiel<\/h2>\t\t\t\t<\/div>\n\t\t\t\t<\/div>\n\t\t\t\t<div class=\"elementor-element elementor-element-91ba03e elementor-widget elementor-widget-text-editor\" data-id=\"91ba03e\" data-element_type=\"widget\" data-e-type=\"widget\" data-widget_type=\"text-editor.default\">\n\t\t\t\t<div class=\"elementor-widget-container\">\n\t\t\t\t\t\t\t\t\t<h5>\u00c9value le succ\u00e8s sur les march\u00e9s cl\u00e9s<\/h5><p>Nous avons cr\u00e9\u00e9 un outil de mod\u00e9lisation permettant de calculer avec pr\u00e9cision le potentiel de chaque marque dans les principaux pays du monde.<\/p>\t\t\t\t\t\t\t\t<\/div>\n\t\t\t\t<\/div>\n\t\t\t\t<\/div>\n\t\t\t\t\t<\/div>\n\t\t\t\t<\/div>\n\t\t<div class=\"elementor-element elementor-element-5fffea9 e-flex e-con-boxed wpr-particle-no wpr-jarallax-no wpr-parallax-no wpr-sticky-section-no wpr-equal-height-no e-con e-parent\" data-id=\"5fffea9\" data-element_type=\"container\" data-e-type=\"container\">\n\t\t\t\t\t<div class=\"e-con-inner\">\n\t\t<div class=\"elementor-element elementor-element-1dbe218 e-con-full e-flex wpr-particle-no wpr-jarallax-no wpr-parallax-no wpr-sticky-section-no wpr-equal-height-no elementor-invisible e-con e-child\" data-id=\"1dbe218\" data-element_type=\"container\" data-e-type=\"container\" data-settings=\"{&quot;background_background&quot;:&quot;classic&quot;,&quot;animation&quot;:&quot;fadeInLeft&quot;}\">\n\t\t\t\t<div class=\"elementor-element elementor-element-08e1a49 elementor-widget elementor-widget-heading\" data-id=\"08e1a49\" data-element_type=\"widget\" data-e-type=\"widget\" data-widget_type=\"heading.default\">\n\t\t\t\t<div class=\"elementor-widget-container\">\n\t\t\t\t\t<h2 class=\"elementor-heading-title elementor-size-default\">\nStrat\u00e9gies de d\u00e9veloppement international<\/h2>\t\t\t\t<\/div>\n\t\t\t\t<\/div>\n\t\t\t\t<div class=\"elementor-element elementor-element-cd56f5b elementor-widget elementor-widget-text-editor\" data-id=\"cd56f5b\" data-element_type=\"widget\" data-e-type=\"widget\" data-widget_type=\"text-editor.default\">\n\t\t\t\t<div class=\"elementor-widget-container\">\n\t\t\t\t\t\t\t\t\t<h5>Conduire les cha\u00eenes de restaurants sur de nouveaux march\u00e9s<\/h5><p>Nous avons \u00e9labor\u00e9 des strat\u00e9gies de d\u00e9veloppement international pour plusieurs cha\u00eenes de restaurants.<\/p>\t\t\t\t\t\t\t\t<\/div>\n\t\t\t\t<\/div>\n\t\t\t\t<\/div>\n\t\t<div class=\"elementor-element elementor-element-9d6f2ab e-con-full e-flex wpr-particle-no wpr-jarallax-no wpr-parallax-no wpr-sticky-section-no wpr-equal-height-no elementor-invisible e-con e-child\" data-id=\"9d6f2ab\" data-element_type=\"container\" data-e-type=\"container\" data-settings=\"{&quot;background_background&quot;:&quot;classic&quot;,&quot;animation&quot;:&quot;fadeInRight&quot;}\">\n\t\t\t\t<div class=\"elementor-element elementor-element-9bdfbf9 elementor-widget elementor-widget-heading\" data-id=\"9bdfbf9\" data-element_type=\"widget\" data-e-type=\"widget\" data-widget_type=\"heading.default\">\n\t\t\t\t<div class=\"elementor-widget-container\">\n\t\t\t\t\t<h2 class=\"elementor-heading-title elementor-size-default\">Manuel des op\u00e9rations<\/h2>\t\t\t\t<\/div>\n\t\t\t\t<\/div>\n\t\t\t\t<div class=\"elementor-element elementor-element-2350664 elementor-widget elementor-widget-text-editor\" data-id=\"2350664\" data-element_type=\"widget\" data-e-type=\"widget\" data-widget_type=\"text-editor.default\">\n\t\t\t\t<div class=\"elementor-widget-container\">\n\t\t\t\t\t\t\t\t\t<h5>La cl\u00e9 du succ\u00e8s d'une franchise<\/h5><p>Le manuel d'exploitation est un \u00e9l\u00e9ment cl\u00e9 de tout syst\u00e8me de franchise, car il concentre tout le savoir-faire de la marque.<\/p><p>Nous pr\u00e9parons des manuels sp\u00e9cifiques pour nos clients.<\/p>\t\t\t\t\t\t\t\t<\/div>\n\t\t\t\t<\/div>\n\t\t\t\t<\/div>\n\t\t\t\t\t<\/div>\n\t\t\t\t<\/div>\n\t\t\t\t<\/div>","protected":false},"excerpt":{"rendered":"<p>Proyectos Realizados o en Curso Preparaci\u00f3n a la franquicia \u00a1Porque lo que se franquicia es un concepto, no una idea! Hemos acompa\u00f1ado varias marcas desde su inicio con 1 o 2 locales, creando todo lo necesario para que puedan empezar a desarrollarse a traves de la franquicia: Definici\u00f3n del modelo de negocio. Comprobaci\u00f3n de su compatibilidad para franquiciar. Estrategia de desarrollo. Manuales. Documentos legales (contratos, documento de informaci\u00f3n precontractual, acuerdos de desarrollo, etc.). Expansi\u00f3n Internacional Metodologia propia Hemos realizado y ejecutado estrategias de desarrollo internacional para varios clientes definiendo para ellos: D\u00f3nde ir primero C\u00f3mo establecer objetivos de desarrollo Qu\u00e9 estructura crear para acompa\u00f1ar el desarrollo internacional Qu\u00e9 modelo de negocio utilizar C\u00f3mo solucionar los problemas de Supply Chain Formaci\u00f3n \u00a1Siempre se aprende! \u00a1Circulan muchas ideas falsas alrededor de la franquicia e incluso a mucha gente que lleva a\u00f1os trabajando en el sector les costar\u00eda explicar lo que define una franquicia! Damos conferencias sobre los principios de la franquicia: \u00bfDe d\u00f3nde viene? \u00bfPara que sirve? \u00bfC\u00f3mo funciona? En el marco de nuestra collaboraci\u00f3n con el Ministerio de Comercio de los Estados Unidos de Am\u00e9rica, hemos formado grupos de inversores, banqueros y oficiales de distintos gobiernos en dichos conceptos. Modelizaci\u00f3n de Potencial Eval\u00faa el \u00c9xito en Mercados Clave Hemos creado una herramienta de modelizaci\u00f3n para calcular con precisi\u00f3n el potencial de cada marca en los principales pa\u00edses del mundo. Estrategias de Desarrollo Internacional Impulsando Cadenas de Restaurantes en Nuevos Mercados Hemos elaborado estrategias de desarrollo internacional para varias cadenas de restaurantes. Manual de Operaciones La Clave del \u00c9xito en tu Franquicia El Manual de Operaciones es un elemento clave en todo sistema de franquicia ya que concentra todo el Saber Hacer de la marca. Elaboramos manuales espec\u00edficos para nuestros clientes.<\/p>","protected":false},"author":1,"featured_media":0,"parent":0,"menu_order":0,"comment_status":"closed","ping_status":"closed","template":"elementor_header_footer","meta":{"content-type":"","footnotes":""},"class_list":["post-677","page","type-page","status-publish","hentry"],"aioseo_notices":[],"_links":{"self":[{"href":"https:\/\/qsrconsultant.com\/fr\/wp-json\/wp\/v2\/pages\/677","targetHints":{"allow":["GET"]}}],"collection":[{"href":"https:\/\/qsrconsultant.com\/fr\/wp-json\/wp\/v2\/pages"}],"about":[{"href":"https:\/\/qsrconsultant.com\/fr\/wp-json\/wp\/v2\/types\/page"}],"author":[{"embeddable":true,"href":"https:\/\/qsrconsultant.com\/fr\/wp-json\/wp\/v2\/users\/1"}],"replies":[{"embeddable":true,"href":"https:\/\/qsrconsultant.com\/fr\/wp-json\/wp\/v2\/comments?post=677"}],"version-history":[{"count":73,"href":"https:\/\/qsrconsultant.com\/fr\/wp-json\/wp\/v2\/pages\/677\/revisions"}],"predecessor-version":[{"id":1524,"href":"https:\/\/qsrconsultant.com\/fr\/wp-json\/wp\/v2\/pages\/677\/revisions\/1524"}],"wp:attachment":[{"href":"https:\/\/qsrconsultant.com\/fr\/wp-json\/wp\/v2\/media?parent=677"}],"curies":[{"name":"wp","href":"https:\/\/api.w.org\/{rel}","templated":true}]}}