{"id":963,"date":"2025-03-23T13:34:44","date_gmt":"2025-03-23T13:34:44","guid":{"rendered":"https:\/\/lightcyan-boar-669452.hostingersite.com\/?page_id=963"},"modified":"2025-04-18T13:41:21","modified_gmt":"2025-04-18T13:41:21","slug":"thierry-rousset","status":"publish","type":"page","link":"https:\/\/qsrconsultant.com\/fr\/thierry-rousset\/","title":{"rendered":"Thierry ROUSSET"},"content":{"rendered":"<div data-elementor-type=\"wp-page\" data-elementor-id=\"963\" class=\"elementor elementor-963\" data-elementor-post-type=\"page\">\n\t\t\t\t\t\t<section class=\"elementor-section elementor-top-section elementor-element elementor-element-6d40a450 elementor-section-content-middle elementor-section-boxed elementor-section-height-default elementor-section-height-default wpr-particle-no wpr-jarallax-no wpr-parallax-no wpr-sticky-section-no wpr-equal-height-no\" data-id=\"6d40a450\" data-element_type=\"section\" data-e-type=\"section\" data-settings=\"{&quot;background_background&quot;:&quot;classic&quot;}\">\n\t\t\t\t\t\t<div class=\"elementor-container elementor-column-gap-wide\">\n\t\t\t\t\t<div class=\"elementor-column elementor-col-50 elementor-top-column elementor-element elementor-element-7a793c7e\" data-id=\"7a793c7e\" data-element_type=\"column\" data-e-type=\"column\" data-settings=\"{&quot;background_background&quot;:&quot;classic&quot;}\">\n\t\t\t<div class=\"elementor-widget-wrap elementor-element-populated\">\n\t\t\t\t\t\t<div class=\"elementor-element elementor-element-569a2f4 elementor-widget elementor-widget-image\" data-id=\"569a2f4\" data-element_type=\"widget\" data-e-type=\"widget\" data-widget_type=\"image.default\">\n\t\t\t\t<div class=\"elementor-widget-container\">\n\t\t\t\t\t\t\t\t\t\t\t\t\t\t\t<img fetchpriority=\"high\" decoding=\"async\" width=\"600\" height=\"600\" src=\"https:\/\/qsrconsultant.com\/wp-content\/uploads\/2025\/03\/1713884510706.jpeg\" class=\"attachment-large size-large wp-image-1696\" alt=\"\" srcset=\"https:\/\/qsrconsultant.com\/wp-content\/uploads\/2025\/03\/1713884510706.jpeg 600w, https:\/\/qsrconsultant.com\/wp-content\/uploads\/2025\/03\/1713884510706-300x300.jpeg 300w, https:\/\/qsrconsultant.com\/wp-content\/uploads\/2025\/03\/1713884510706-150x150.jpeg 150w, https:\/\/qsrconsultant.com\/wp-content\/uploads\/2025\/03\/1713884510706-12x12.jpeg 12w\" sizes=\"(max-width: 600px) 100vw, 600px\" \/>\t\t\t\t\t\t\t\t\t\t\t\t\t\t\t<\/div>\n\t\t\t\t<\/div>\n\t\t\t\t\t<\/div>\n\t\t<\/div>\n\t\t\t\t<div class=\"elementor-column elementor-col-50 elementor-top-column elementor-element elementor-element-1002530d\" data-id=\"1002530d\" data-element_type=\"column\" data-e-type=\"column\">\n\t\t\t<div class=\"elementor-widget-wrap elementor-element-populated\">\n\t\t\t\t\t\t<div class=\"elementor-element elementor-element-4881d744 elementor-widget elementor-widget-heading\" data-id=\"4881d744\" data-element_type=\"widget\" data-e-type=\"widget\" data-widget_type=\"heading.default\">\n\t\t\t\t<div class=\"elementor-widget-container\">\n\t\t\t\t\t<h2 class=\"elementor-heading-title elementor-size-xxl\">Thierry ROUSSET<\/h2>\t\t\t\t<\/div>\n\t\t\t\t<\/div>\n\t\t\t\t<div class=\"elementor-element elementor-element-2cc2e5d elementor-invisible elementor-widget elementor-widget-heading\" data-id=\"2cc2e5d\" data-element_type=\"widget\" data-e-type=\"widget\" data-settings=\"{&quot;_animation&quot;:&quot;fadeIn&quot;}\" data-widget_type=\"heading.default\">\n\t\t\t\t<div class=\"elementor-widget-container\">\n\t\t\t\t\t<h5 class=\"elementor-heading-title elementor-size-medium\">Fondateur et consultant principal en franchise<\/h5>\t\t\t\t<\/div>\n\t\t\t\t<\/div>\n\t\t\t\t<div class=\"elementor-element elementor-element-5322c629 elementor-widget-divider--view-line elementor-invisible elementor-widget elementor-widget-divider\" data-id=\"5322c629\" data-element_type=\"widget\" data-e-type=\"widget\" data-settings=\"{&quot;_animation&quot;:&quot;fadeInUp&quot;}\" data-widget_type=\"divider.default\">\n\t\t\t\t<div class=\"elementor-widget-container\">\n\t\t\t\t\t\t\t<div class=\"elementor-divider\">\n\t\t\t<span class=\"elementor-divider-separator\">\n\t\t\t\t\t\t<\/span>\n\t\t<\/div>\n\t\t\t\t\t\t<\/div>\n\t\t\t\t<\/div>\n\t\t\t\t<div class=\"elementor-element elementor-element-2be9714b elementor-widget elementor-widget-text-editor\" data-id=\"2be9714b\" data-element_type=\"widget\" data-e-type=\"widget\" data-widget_type=\"text-editor.default\">\n\t\t\t\t<div class=\"elementor-widget-container\">\n\t\t\t\t\t\t\t\t\t<p>Fort de 30 ans d'exp\u00e9rience dans le secteur de la franchise et de la restauration, Thierry ROUSSET a occup\u00e9 des postes de Direction G\u00e9n\u00e9rale et de Direction du D\u00e9veloppement dans de grandes enseignes telles que Subway\u00ae, McDonald's\u00ae, Burger King\u00ae, Quick\u00ae, etc. Il a \u00e9galement \u00e9t\u00e9 franchis\u00e9 de Subway\u00ae et Dunkin'Donuts\u00ae ainsi que l'Agent Exclusif du Kiosque \u00e0 Pizzas\u00ae pour l'Espagne et le Portugal.<\/p><p>Il est \u00e9galement expert en franchises aupr\u00e8s du programme de d\u00e9veloppement du droit commercial du minist\u00e8re am\u00e9ricain du commerce.<\/p><p>Il a fond\u00e9 QSR Consultant\u00ae en 2012 afin d'offrir son expertise aux franchiseurs de toutes tailles et a depuis travaill\u00e9 sur de nombreux projets de Londres \u00e0 Duba\u00ef en passant par Istanbul et Budapest.<\/p><p>Il a voyag\u00e9 pour affaires dans plus de 60 pays et parle couramment l'espagnol, l'anglais et le fran\u00e7ais.<\/p>\t\t\t\t\t\t\t\t<\/div>\n\t\t\t\t<\/div>\n\t\t\t\t<div class=\"elementor-element elementor-element-17fcdf0 elementor-shape-square e-grid-align-left elementor-grid-0 elementor-widget elementor-widget-social-icons\" data-id=\"17fcdf0\" data-element_type=\"widget\" data-e-type=\"widget\" data-widget_type=\"social-icons.default\">\n\t\t\t\t<div class=\"elementor-widget-container\">\n\t\t\t\t\t\t\t<div class=\"elementor-social-icons-wrapper elementor-grid\">\n\t\t\t\t\t\t\t<span class=\"elementor-grid-item\">\n\t\t\t\t\t<a class=\"elementor-icon elementor-social-icon elementor-social-icon-linkedin elementor-animation-float elementor-repeater-item-fb21e6a\" href=\"https:\/\/www.linkedin.com\/in\/thierry-rousset\/\" target=\"_blank\">\n\t\t\t\t\t\t<span class=\"elementor-screen-only\">Linkedin<\/span>\n\t\t\t\t\t\t<svg aria-hidden=\"true\" class=\"e-font-icon-svg e-fab-linkedin\" viewbox=\"0 0 448 512\" xmlns=\"http:\/\/www.w3.org\/2000\/svg\"><path d=\"M416 32H31.9C14.3 32 0 46.5 0 64.3v383.4C0 465.5 14.3 480 31.9 480H416c17.6 0 32-14.5 32-32.3V64.3c0-17.8-14.4-32.3-32-32.3zM135.4 416H69V202.2h66.5V416zm-33.2-243c-21.3 0-38.5-17.3-38.5-38.5S80.9 96 102.2 96c21.2 0 38.5 17.3 38.5 38.5 0 21.3-17.2 38.5-38.5 38.5zm282.1 243h-66.4V312c0-24.8-.5-56.7-34.5-56.7-34.6 0-39.9 27-39.9 54.9V416h-66.4V202.2h63.7v29.2h.9c8.9-16.8 30.6-34.5 62.9-34.5 67.2 0 79.7 44.3 79.7 101.9V416z\"><\/path><\/svg>\t\t\t\t\t<\/a>\n\t\t\t\t<\/span>\n\t\t\t\t\t<\/div>\n\t\t\t\t\t\t<\/div>\n\t\t\t\t<\/div>\n\t\t\t\t\t<\/div>\n\t\t<\/div>\n\t\t\t\t\t<\/div>\n\t\t<\/section>\n\t\t\t\t<\/div>","protected":false},"excerpt":{"rendered":"<p>Thierry ROUSSET Founder &#038; Senior Franchise Consultant Con 30 a\u00f1os de experiencia en el sector de la franquicia y de la restauraci\u00f3n,\u00a0Thierry ROUSSET\u00a0ha ocupado puestos de Direcci\u00f3n General y Direcci\u00f3n de Desarrollo en grandes marcas como\u00a0Subway\u00ae,\u00a0McDonald\u2019s\u00ae,\u00a0Burger King\u00ae,\u00a0Quick\u00ae, etc. pero tambi\u00e9n ha sido franquiciado de\u00a0Subway\u00ae\u00a0y\u00a0Dunkin\u2019Donuts\u00ae\u00a0as\u00ed como Agente Exclusivo de\u00a0Le Kiosque \u00e0 Pizzas\u00ae\u00a0para Espa\u00f1a y Portugal. Interviene tambi\u00e9n regularmente como \u00abFranchise Expert\u00bb con el\u00a0Ministerio de Comercio de los Estados Unidos de Am\u00e9rica\u00a0(US Department of Commerce \u2013 Commercial Law Development Program). Fund\u00f3\u00a0QSR Consultant\u00ae en el 2012 para poder ofrecer su experiencia a franquiciadores de todos tama\u00f1os y ha trabajado desde entonces en numerosos proyectos desde Londres a Dubai pasando por Estanbul o Budapest. Ha viajado por negocio a m\u00e1s de 60 pa\u00edses y habla fluidamente Castellano, Ingl\u00e9s y Franc\u00e9s. Linkedin<\/p>","protected":false},"author":1,"featured_media":0,"parent":0,"menu_order":0,"comment_status":"closed","ping_status":"closed","template":"elementor_header_footer","meta":{"content-type":"","footnotes":""},"class_list":["post-963","page","type-page","status-publish","hentry"],"aioseo_notices":[],"_links":{"self":[{"href":"https:\/\/qsrconsultant.com\/fr\/wp-json\/wp\/v2\/pages\/963","targetHints":{"allow":["GET"]}}],"collection":[{"href":"https:\/\/qsrconsultant.com\/fr\/wp-json\/wp\/v2\/pages"}],"about":[{"href":"https:\/\/qsrconsultant.com\/fr\/wp-json\/wp\/v2\/types\/page"}],"author":[{"embeddable":true,"href":"https:\/\/qsrconsultant.com\/fr\/wp-json\/wp\/v2\/users\/1"}],"replies":[{"embeddable":true,"href":"https:\/\/qsrconsultant.com\/fr\/wp-json\/wp\/v2\/comments?post=963"}],"version-history":[{"count":37,"href":"https:\/\/qsrconsultant.com\/fr\/wp-json\/wp\/v2\/pages\/963\/revisions"}],"predecessor-version":[{"id":3125,"href":"https:\/\/qsrconsultant.com\/fr\/wp-json\/wp\/v2\/pages\/963\/revisions\/3125"}],"wp:attachment":[{"href":"https:\/\/qsrconsultant.com\/fr\/wp-json\/wp\/v2\/media?parent=963"}],"curies":[{"name":"wp","href":"https:\/\/api.w.org\/{rel}","templated":true}]}}